{"id":9563,"date":"2024-04-02T08:20:00","date_gmt":"2024-04-02T08:20:00","guid":{"rendered":"https:\/\/oktocash.eu\/kontaktujte-nas\/"},"modified":"2024-04-02T08:20:00","modified_gmt":"2024-04-02T08:20:00","slug":"kontaktujte-nas","status":"publish","type":"page","link":"https:\/\/oktocash.com\/cs\/kontaktujte-nas\/","title":{"rendered":"Kontaktujte n\u00e1s"},"content":{"rendered":"\t\t<div data-elementor-type=\"wp-page\" data-elementor-id=\"9563\" class=\"elementor elementor-9563 elementor-8\" data-elementor-post-type=\"page\">\n\t\t\t\t\t\t<section data-dce-background-image-url=\"https:\/\/oktocash.com\/\/wp-content\/uploads\/2021\/03\/Half-O-scroll-1.png\" class=\"elementor-section elementor-top-section elementor-element elementor-element-06fe9c9 elementor-section-content-bottom elementor-section-boxed elementor-section-height-default elementor-section-height-default\" data-id=\"06fe9c9\" data-element_type=\"section\" data-settings=\"{&quot;background_background&quot;:&quot;classic&quot;}\">\n\t\t\t\t\t\t<div class=\"elementor-container elementor-column-gap-default\">\n\t\t\t\t\t<div class=\"elementor-column elementor-col-100 elementor-top-column elementor-element elementor-element-530ee77\" data-id=\"530ee77\" data-element_type=\"column\">\n\t\t\t<div class=\"elementor-widget-wrap elementor-element-populated\">\n\t\t\t\t\t\t<div class=\"elementor-element elementor-element-d5b0890 elementor-widget elementor-widget-heading\" data-id=\"d5b0890\" data-element_type=\"widget\" data-widget_type=\"heading.default\">\n\t\t\t\t<div class=\"elementor-widget-container\">\n\t\t\t<h1 class=\"elementor-heading-title elementor-size-default\"><span class=\"gc-green-bar\">Kontaktujte n\u00e1s<\/span><\/h1>\t\t<\/div>\n\t\t\t\t<\/div>\n\t\t\t\t\t<\/div>\n\t\t<\/div>\n\t\t\t\t\t<\/div>\n\t\t<\/section>\n\t\t\t\t<section data-dce-background-color=\"#00CCFF\" class=\"elementor-section elementor-top-section elementor-element elementor-element-71cfa8d7 elementor-section-boxed elementor-section-height-default elementor-section-height-default\" data-id=\"71cfa8d7\" data-element_type=\"section\" data-settings=\"{&quot;background_background&quot;:&quot;gradient&quot;}\">\n\t\t\t\t\t\t<div class=\"elementor-container elementor-column-gap-default\">\n\t\t\t\t\t<div class=\"elementor-column elementor-col-50 elementor-top-column elementor-element elementor-element-719564ce\" data-id=\"719564ce\" data-element_type=\"column\">\n\t\t\t<div class=\"elementor-widget-wrap elementor-element-populated\">\n\t\t\t\t\t\t<div class=\"elementor-element elementor-element-e9462c6 elementor-widget-tablet__width-inherit elementor-widget elementor-widget-heading\" data-id=\"e9462c6\" data-element_type=\"widget\" data-widget_type=\"heading.default\">\n\t\t\t\t<div class=\"elementor-widget-container\">\n\t\t\t<h2 class=\"elementor-heading-title elementor-size-default\">Kontaktujte n\u00e1s<\/h2>\t\t<\/div>\n\t\t\t\t<\/div>\n\t\t\t\t<div class=\"elementor-element elementor-element-11faefda elementor-widget__width-initial elementor-widget-tablet__width-initial elementor-widget elementor-widget-text-editor\" data-id=\"11faefda\" data-element_type=\"widget\" data-widget_type=\"text-editor.default\">\n\t\t\t\t<div class=\"elementor-widget-container\">\n\t\t\t\t\t\t\t<p>A\u0165 jste kdekoli, n\u00e1\u0161 glob\u00e1ln\u00ed t\u00fdm je p\u0159ipraven projednat va\u0161e pot\u0159eby.<\/p>\n\t\t\t\t\t\t<\/div>\n\t\t\t\t<\/div>\n\t\t\t\t\t<\/div>\n\t\t<\/div>\n\t\t\t\t<div class=\"elementor-column elementor-col-50 elementor-top-column elementor-element elementor-element-6d25c240\" data-id=\"6d25c240\" data-element_type=\"column\">\n\t\t\t<div class=\"elementor-widget-wrap elementor-element-populated\">\n\t\t\t\t\t\t<section data-dce-background-color=\"#F4F4F4\" class=\"elementor-section elementor-inner-section elementor-element elementor-element-1e7312e5 elementor-section-boxed elementor-section-height-default elementor-section-height-default\" data-id=\"1e7312e5\" data-element_type=\"section\" data-settings=\"{&quot;background_background&quot;:&quot;classic&quot;}\">\n\t\t\t\t\t\t<div class=\"elementor-container elementor-column-gap-default\">\n\t\t\t\t\t<div class=\"elementor-column elementor-col-100 elementor-inner-column elementor-element elementor-element-3f6e739\" data-id=\"3f6e739\" data-element_type=\"column\">\n\t\t\t<div class=\"elementor-widget-wrap elementor-element-populated\">\n\t\t\t\t\t\t<div class=\"elementor-element elementor-element-115f5fc elementor-button-align-center gc-contact-form elementor-widget elementor-widget-form\" data-id=\"115f5fc\" data-element_type=\"widget\" data-settings=\"{&quot;step_next_label&quot;:&quot;N\\u00e1sleduj\\u00edc\\u00ed&quot;,&quot;step_previous_label&quot;:&quot;P\\u0159edchoz\\u00ed&quot;,&quot;button_width&quot;:&quot;100&quot;,&quot;dce_confirm_dialog_enabled&quot;:&quot;no&quot;,&quot;step_type&quot;:&quot;number_text&quot;,&quot;step_icon_shape&quot;:&quot;circle&quot;,&quot;label_icon_size&quot;:{&quot;unit&quot;:&quot;px&quot;,&quot;size&quot;:&quot;&quot;,&quot;sizes&quot;:[]},&quot;field_icon_size&quot;:{&quot;unit&quot;:&quot;px&quot;,&quot;size&quot;:&quot;&quot;,&quot;sizes&quot;:[]}}\" data-widget_type=\"form.default\">\n\t\t\t\t<div class=\"elementor-widget-container\">\n\t\t\t<div class=\"dce-conditions-js-error-notice elementor-message elementor-message-danger\" style=\"display: none;\">A problem was detected in the following Form. Submitting it could result in errors. Please contact the site administrator.<\/div>\t\t\t<script>\n\t\t\tsetTimeout(function() {\n\t\t\t\tlet el = document.querySelector(\".dce-conditions-js-error-notice\");\n\t\t\t\tif (el)\n\t\t\t\t\tel.style.display = \"block\";\n\t\t\t}, 6000);\n\t\t\t<\/script>\t\t<form class=\"elementor-form\" method=\"post\" name=\"Kontaktujte n\u00e1s\">\n\t\t\t<input type=\"hidden\" name=\"post_id\" value=\"9563\"\/>\n\t\t\t<input type=\"hidden\" name=\"form_id\" value=\"115f5fc\"\/>\n\t\t\t<input type=\"hidden\" name=\"referer_title\" value=\"\" \/>\n\n\t\t\t\n\t\t\t<div data-field-conditions=\"[{&quot;id&quot;:&quot;field_49fda66&quot;,&quot;condition&quot;:&quot;(s_dep == \\&quot;Customer Support\\&quot;)&quot;,&quot;mode&quot;:&quot;hide&quot;,&quot;disableOnly&quot;:false},{&quot;id&quot;:&quot;email&quot;,&quot;condition&quot;:&quot;(s_dep == \\&quot;Customer Support\\&quot;)&quot;,&quot;mode&quot;:&quot;hide&quot;,&quot;disableOnly&quot;:false},{&quot;id&quot;:&quot;field_69ec924&quot;,&quot;condition&quot;:&quot;(s_dep == \\&quot;Business Enquiries\\&quot;)&quot;,&quot;mode&quot;:&quot;hide&quot;,&quot;disableOnly&quot;:false}]\" data-field-ids=\"[&quot;name&quot;,&quot;field_d71bc5a&quot;,&quot;s_dep&quot;,&quot;field_49fda66&quot;,&quot;email&quot;,&quot;field_69ec924&quot;,&quot;message&quot;,&quot;field_626a9d7&quot;]\" class=\"elementor-form-fields-wrapper elementor-labels-above\">\n\t\t\t\t\t\t\t\t<div class=\"elementor-field-type-text elementor-field-group elementor-column elementor-field-group-name elementor-col-50 elementor-field-required elementor-mark-required\">\n\t\t\t\t\t\t\t\t\t\t\t\t<label for=\"form-field-name\" class=\"elementor-field-label\">\n\t\t\t\t\t\t\t\tJm\u00e9no\t\t\t\t\t\t\t<\/label>\n\t\t\t\t\t\t\t\t\t\t\t\t\t\t<input size=\"1\" type=\"text\" name=\"form_fields[name]\" id=\"form-field-name\" class=\"elementor-field elementor-size-lg  elementor-field-textual\" required=\"required\" aria-required=\"true\">\n\t\t\t\t\t\t\t\t\t\t\t<\/div>\n\t\t\t\t\t\t\t\t<div class=\"elementor-field-type-text elementor-field-group elementor-column elementor-field-group-field_d71bc5a elementor-col-50 elementor-field-required elementor-mark-required\">\n\t\t\t\t\t\t\t\t\t\t\t\t<label for=\"form-field-field_d71bc5a\" class=\"elementor-field-label\">\n\t\t\t\t\t\t\t\tP\u0159\u00edjmen\u00ed\t\t\t\t\t\t\t<\/label>\n\t\t\t\t\t\t\t\t\t\t\t\t\t\t<input size=\"1\" type=\"text\" name=\"form_fields[field_d71bc5a]\" id=\"form-field-field_d71bc5a\" class=\"elementor-field elementor-size-lg  elementor-field-textual\" required=\"required\" aria-required=\"true\">\n\t\t\t\t\t\t\t\t\t\t\t<\/div>\n\t\t\t\t\t\t\t\t<div class=\"elementor-field-type-select elementor-field-group elementor-column elementor-field-group-s_dep elementor-col-100\">\n\t\t\t\t\t\t\t\t\t\t\t\t<label for=\"form-field-s_dep\" class=\"elementor-field-label\">\n\t\t\t\t\t\t\t\tVyberte odd\u011blen\u00ed:\t\t\t\t\t\t\t<\/label>\n\t\t\t\t\t\t\t\t<div class=\"elementor-field elementor-select-wrapper remove-before \">\n\t\t\t<div class=\"select-caret-down-wrapper\">\n\t\t\t\t<i aria-hidden=\"true\" class=\"eicon-caret-down\"><\/i>\t\t\t<\/div>\n\t\t\t<select name=\"form_fields[s_dep]\" id=\"form-field-s_dep\" class=\"elementor-field-textual elementor-size-lg\">\n\t\t\t\t\t\t\t\t\t<option value=\"Dotazy na obchodn\u00ed \u010dinnost\">Dotazy na obchodn\u00ed \u010dinnost<\/option>\n\t\t\t\t\t\t\t\t\t<option value=\"Z\u00e1kaznick\u00e1 podpora\">Z\u00e1kaznick\u00e1 podpora<\/option>\n\t\t\t\t\t\t\t<\/select>\n\t\t<\/div>\n\t\t\t\t\t\t<\/div>\n\t\t\t\t\t\t\t\t<div class=\"elementor-field-type-text elementor-field-group elementor-column elementor-field-group-field_49fda66 elementor-col-50 elementor-field-required elementor-mark-required\">\n\t\t\t\t\t\t\t\t\t\t\t\t<label for=\"form-field-field_49fda66\" class=\"elementor-field-label\">\n\t\t\t\t\t\t\t\tSpole\u010dnost\t\t\t\t\t\t\t<\/label>\n\t\t\t\t\t\t\t\t\t\t\t\t\t\t<input size=\"1\" type=\"text\" name=\"form_fields[field_49fda66]\" id=\"form-field-field_49fda66\" class=\"elementor-field elementor-size-lg  elementor-field-textual\" required=\"required\" aria-required=\"true\">\n\t\t\t\t\t\t\t\t\t\t\t<\/div>\n\t\t\t\t\t\t\t\t<div class=\"elementor-field-type-email elementor-field-group elementor-column elementor-field-group-email elementor-col-50 elementor-field-required elementor-mark-required\">\n\t\t\t\t\t\t\t\t\t\t\t\t<label for=\"form-field-email\" class=\"elementor-field-label\">\n\t\t\t\t\t\t\t\tPracovn\u00ed e-mail\t\t\t\t\t\t\t<\/label>\n\t\t\t\t\t\t\t\t\t\t\t\t\t\t<input size=\"1\" type=\"email\" name=\"form_fields[email]\" id=\"form-field-email\" class=\"elementor-field elementor-size-lg  elementor-field-textual\" required=\"required\" aria-required=\"true\">\n\t\t\t\t\t\t\t\t\t\t\t<\/div>\n\t\t\t\t\t\t\t\t<div class=\"elementor-field-type-email elementor-field-group elementor-column elementor-field-group-field_69ec924 elementor-col-100 elementor-field-required elementor-mark-required\">\n\t\t\t\t\t\t\t\t\t\t\t\t<label for=\"form-field-field_69ec924\" class=\"elementor-field-label\">\n\t\t\t\t\t\t\t\tE-mail\t\t\t\t\t\t\t<\/label>\n\t\t\t\t\t\t\t\t\t\t\t\t\t\t<input size=\"1\" type=\"email\" name=\"form_fields[field_69ec924]\" id=\"form-field-field_69ec924\" class=\"elementor-field elementor-size-lg  elementor-field-textual\" required=\"required\" aria-required=\"true\">\n\t\t\t\t\t\t\t\t\t\t\t<\/div>\n\t\t\t\t\t\t\t\t<div class=\"elementor-field-type-textarea elementor-field-group elementor-column elementor-field-group-message elementor-col-100 elementor-field-required elementor-mark-required\">\n\t\t\t\t\t\t\t\t\t\t\t\t<label for=\"form-field-message\" class=\"elementor-field-label\">\n\t\t\t\t\t\t\t\tPozn\u00e1mky\t\t\t\t\t\t\t<\/label>\n\t\t\t\t\t\t<textarea class=\"elementor-field-textual elementor-field  elementor-size-lg\" name=\"form_fields[message]\" id=\"form-field-message\" rows=\"3\" required=\"required\" aria-required=\"true\"><\/textarea>\t\t\t\t<\/div>\n\t\t\t\t\t\t\t\t<div class=\"elementor-field-type-acceptance elementor-field-group elementor-column elementor-field-group-field_626a9d7 elementor-col-100 elementor-field-required elementor-mark-required\">\n\t\t\t\t\t\t\t<div class=\"elementor-field-subgroup\">\n\t\t\t<span class=\"elementor-field-option\">\n\t\t\t\t<input type=\"checkbox\" name=\"form_fields[field_626a9d7]\" id=\"form-field-field_626a9d7\" class=\"elementor-field elementor-size-lg  elementor-acceptance-field\" required=\"required\" aria-required=\"true\">\n\t\t\t\t<label for=\"form-field-field_626a9d7\"><span style=\"font-size:0.9em; color:#333333\"> Odesl\u00e1n\u00edm tohoto formul\u00e1\u0159e souhlas\u00edte s na\u0161imi <a href=\"https:\/\/oktocash.com\/privacy-policy\/\">Z\u00e1sadami ochrany osobn\u00edch \u00fadaj\u016f.<\/a> <\/span><\/label>\t\t\t<\/span>\n\t\t<\/div>\n\t\t\t\t\t\t<\/div>\n\t\t\t\t\t\t\t\t<div class=\"elementor-field-group elementor-column elementor-field-type-submit elementor-col-100 e-form__buttons\">\n\t\t\t\t\t<button class=\"elementor-button elementor-size-lg\" type=\"submit\">\n\t\t\t\t\t\t<span class=\"elementor-button-content-wrapper\">\n\t\t\t\t\t\t\t\t\t\t\t\t\t\t\t\t\t\t\t\t\t\t<span class=\"elementor-button-text\">Odeslat<\/span>\n\t\t\t\t\t\t\t\t\t\t\t\t\t<\/span>\n\t\t\t\t\t<\/button>\n\t\t\t\t<\/div>\n\t\t\t<\/div>\n\t\t<\/form>\n\t\t\t\t<\/div>\n\t\t\t\t<\/div>\n\t\t\t\t\t<\/div>\n\t\t<\/div>\n\t\t\t\t\t<\/div>\n\t\t<\/section>\n\t\t\t\t<div class=\"elementor-element elementor-element-b34c9a3 elementor-widget elementor-widget-html\" data-id=\"b34c9a3\" data-element_type=\"widget\" data-widget_type=\"html.default\">\n\t\t\t\t<div class=\"elementor-widget-container\">\n\t\t\t<script>\n\/\/ p\u0159id\u00e1n\u00ed ud\u00e1losti ElementorFormSubmitted do vrstvy dataLayer, kdy\u017e je formul\u00e1\u0159 Elementor \u00fasp\u011b\u0161n\u011b odesl\u00e1n. bude pou\u017eita jako spou\u0161t\u011b\u010d GTM\njQuery( document ).ready(function( $ ){\n    jQuery( document ).on('submit_success', function(e) {\n    const data = {\n         event: 'ElementorFormSubmitted',\n        'event': 'sign_up',\n        'method': 'Form',\n        'form_name': 'Contact us',\n        'email': 'test@test.gr', \/\/ nutn\u00fd pro lep\u0161\u00ed konverze, Google p\u0159ed odesl\u00e1n\u00edm data hashuje\n        'phone': '6999999999' \/\/ nutn\u00fd pro lep\u0161\u00ed konverze, Google p\u0159ed odesl\u00e1n\u00edm data hashuje\n    }\n    dataLayer.push(data)\n    console.log('New dataLayer: ', dataLayer)\n    });\n});\n<\/script>\t\t<\/div>\n\t\t\t\t<\/div>\n\t\t\t\t\t<\/div>\n\t\t<\/div>\n\t\t\t\t\t<\/div>\n\t\t<\/section>\n\t\t\t\t<\/div>\n\t\t","protected":false},"excerpt":{"rendered":"<p>Kontaktujte n\u00e1s Kontaktujte n\u00e1s A\u0165 jste kdekoli, n\u00e1\u0161 glob\u00e1ln\u00ed t\u00fdm je p\u0159ipraven projednat va\u0161e pot\u0159eby.<\/p>\n","protected":false},"author":4,"featured_media":0,"parent":0,"menu_order":0,"comment_status":"closed","ping_status":"closed","template":"","meta":{"footnotes":""},"_links":{"self":[{"href":"https:\/\/oktocash.com\/cs\/wp-json\/wp\/v2\/pages\/9563"}],"collection":[{"href":"https:\/\/oktocash.com\/cs\/wp-json\/wp\/v2\/pages"}],"about":[{"href":"https:\/\/oktocash.com\/cs\/wp-json\/wp\/v2\/types\/page"}],"author":[{"embeddable":true,"href":"https:\/\/oktocash.com\/cs\/wp-json\/wp\/v2\/users\/4"}],"replies":[{"embeddable":true,"href":"https:\/\/oktocash.com\/cs\/wp-json\/wp\/v2\/comments?post=9563"}],"version-history":[{"count":1,"href":"https:\/\/oktocash.com\/cs\/wp-json\/wp\/v2\/pages\/9563\/revisions"}],"predecessor-version":[{"id":9564,"href":"https:\/\/oktocash.com\/cs\/wp-json\/wp\/v2\/pages\/9563\/revisions\/9564"}],"wp:attachment":[{"href":"https:\/\/oktocash.com\/cs\/wp-json\/wp\/v2\/media?parent=9563"}],"curies":[{"name":"wp","href":"https:\/\/api.w.org\/{rel}","templated":true}]}}