{"id":7510,"date":"2023-07-25T14:42:26","date_gmt":"2023-07-25T14:42:26","guid":{"rendered":"https:\/\/oktocash.eu\/website-nutzungsbedingungen\/"},"modified":"2024-12-18T18:51:35","modified_gmt":"2024-12-18T18:51:35","slug":"website-nutzungsbedingungen","status":"publish","type":"page","link":"https:\/\/oktocash.com\/de\/website-nutzungsbedingungen\/","title":{"rendered":"Website-Nutzungsbedingungen"},"content":{"rendered":"\t\t<div data-elementor-type=\"wp-page\" data-elementor-id=\"7510\" class=\"elementor elementor-7510 elementor-9\" data-elementor-post-type=\"page\">\n\t\t\t\t\t\t<section data-dce-background-image-url=\"https:\/\/oktocash.com\/\/wp-content\/uploads\/2021\/03\/Half-O-scroll-1.png\" class=\"elementor-section elementor-top-section elementor-element elementor-element-2aed39c elementor-section-boxed elementor-section-height-default elementor-section-height-default\" data-id=\"2aed39c\" data-element_type=\"section\" data-settings=\"{&quot;background_background&quot;:&quot;classic&quot;}\">\n\t\t\t\t\t\t<div class=\"elementor-container elementor-column-gap-default\">\n\t\t\t\t\t<div class=\"elementor-column elementor-col-100 elementor-top-column elementor-element elementor-element-b9758fc\" data-id=\"b9758fc\" data-element_type=\"column\">\n\t\t\t<div class=\"elementor-widget-wrap elementor-element-populated\">\n\t\t\t\t\t\t<div class=\"elementor-element elementor-element-c2f518a elementor-widget elementor-widget-heading\" data-id=\"c2f518a\" data-element_type=\"widget\" data-widget_type=\"heading.default\">\n\t\t\t\t<div class=\"elementor-widget-container\">\n\t\t\t<h1 class=\"elementor-heading-title elementor-size-default\"><span class=\"gc-green-bar\">Website-Nutzungsbedingungen<\/span><\/h1>\t\t<\/div>\n\t\t\t\t<\/div>\n\t\t\t\t\t<\/div>\n\t\t<\/div>\n\t\t\t\t\t<\/div>\n\t\t<\/section>\n\t\t\t\t<section data-dce-background-color=\"#F4F4F4\" class=\"elementor-section elementor-top-section elementor-element elementor-element-fe8fab1 elementor-section-boxed elementor-section-height-default elementor-section-height-default\" data-id=\"fe8fab1\" data-element_type=\"section\" data-settings=\"{&quot;background_background&quot;:&quot;classic&quot;}\">\n\t\t\t\t\t\t<div class=\"elementor-container elementor-column-gap-default\">\n\t\t\t\t\t<div class=\"elementor-column elementor-col-100 elementor-top-column elementor-element elementor-element-a05d210\" data-id=\"a05d210\" data-element_type=\"column\">\n\t\t\t<div class=\"elementor-widget-wrap elementor-element-populated\">\n\t\t\t\t\t\t<div class=\"elementor-element elementor-element-07d8024 elementor-widget elementor-widget-heading\" data-id=\"07d8024\" data-element_type=\"widget\" data-widget_type=\"heading.default\">\n\t\t\t\t<div class=\"elementor-widget-container\">\n\t\t\t<h3 class=\"elementor-heading-title elementor-size-default\"><span class=\"gc-green-bar\">Allgemein<\/span><\/h3>\t\t<\/div>\n\t\t\t\t<\/div>\n\t\t\t\t<div class=\"elementor-element elementor-element-183ddd7 elementor-widget elementor-widget-text-editor\" data-id=\"183ddd7\" data-element_type=\"widget\" data-widget_type=\"text-editor.default\">\n\t\t\t\t<div class=\"elementor-widget-container\">\n\t\t\t\t\t\t\t<p>Die Website unter dem Domainnamen \u201ehttp:\/\/ www.oktocash.eu\u201c (kurz als die \u201eSite\u201c bezeichnet) ist Eigentum von OKTOPAY LIMITED, einem Unternehmen mit Sitz in Zypern, <span data-teams=\"true\">16, John Kennedy Ave, 2nd Floor, NIVIAN COURT, 1087<\/span>, Nicosia, Zypern, mit der Registrierungsnummer HE400907 (kurz als das \u201eUnternehmen\u201c oder die \u201eFirma\u201c bezeichnet) und unterliegt den unten aufgef\u00fchrten Nutzungsbedingungen, die jeder Besucher\/Nutzer der Website aufmerksam lesen sollte.<\/p><p>Die Nutzung der Website impliziert, dass Sie alle Nutzungsbedingungen der Website gelesen, verstanden und akzeptiert haben. Sollten Sie mit diesen Nutzungsbedingungen nicht einverstanden sein, d\u00fcrfen Sie die Dienste und Inhalte der Website nicht nutzen.<\/p>\t\t\t\t\t\t<\/div>\n\t\t\t\t<\/div>\n\t\t\t\t\t<\/div>\n\t\t<\/div>\n\t\t\t\t\t<\/div>\n\t\t<\/section>\n\t\t\t\t<section data-dce-background-color=\"#F4F4F4\" class=\"elementor-section elementor-top-section elementor-element elementor-element-b459e7d elementor-section-boxed elementor-section-height-default elementor-section-height-default\" data-id=\"b459e7d\" data-element_type=\"section\" data-settings=\"{&quot;background_background&quot;:&quot;classic&quot;}\">\n\t\t\t\t\t\t<div class=\"elementor-container elementor-column-gap-default\">\n\t\t\t\t\t<div class=\"elementor-column elementor-col-100 elementor-top-column elementor-element elementor-element-a72725d\" data-id=\"a72725d\" data-element_type=\"column\">\n\t\t\t<div class=\"elementor-widget-wrap elementor-element-populated\">\n\t\t\t\t\t\t<div class=\"elementor-element elementor-element-daa3039 elementor-widget elementor-widget-heading\" data-id=\"daa3039\" data-element_type=\"widget\" data-widget_type=\"heading.default\">\n\t\t\t\t<div class=\"elementor-widget-container\">\n\t\t\t<h3 class=\"elementor-heading-title elementor-size-default\"><span class=\"gc-green-bar\">Nutzerverhalten<\/span><\/h3>\t\t<\/div>\n\t\t\t\t<\/div>\n\t\t\t\t<div class=\"elementor-element elementor-element-9e733bc elementor-widget elementor-widget-text-editor\" data-id=\"9e733bc\" data-element_type=\"widget\" data-widget_type=\"text-editor.default\">\n\t\t\t\t<div class=\"elementor-widget-container\">\n\t\t\t\t\t\t\t<p>Als Nutzer der Website m\u00fcssen Sie sich an die Regeln und Bestimmungen der zypriotischen Gesetze, des europ\u00e4ischen und internationalen Rechts sowie der einschl\u00e4gigen Telekommunikationsgesetze halten und jegliches ungesetzliche oder missbr\u00e4uchliche Verhalten w\u00e4hrend und im Zusammenhang mit der Nutzung der Website unterlassen. Sie sind f\u00fcr alle Sch\u00e4den verantwortlich, die der Website oder Dritten durch die missbr\u00e4uchliche oder unsachgem\u00e4\u00dfe Nutzung der Website und der \u00fcber sie angebotenen Dienste entstehen. F\u00fcr den Fall, dass das Unternehmen in ein Gerichtsverfahren verwickelt wird oder aufgrund der Verletzung der Verpflichtungen des Nutzers gem\u00e4\u00df diesen Bedingungen irgendeine Form von Schadenersatz leisten muss, sind Sie verpflichtet, das Unternehmen aus diesem Grund zu entsch\u00e4digen.<\/p>\n\t\t\t\t\t\t<\/div>\n\t\t\t\t<\/div>\n\t\t\t\t\t<\/div>\n\t\t<\/div>\n\t\t\t\t\t<\/div>\n\t\t<\/section>\n\t\t\t\t<section data-dce-background-color=\"#F4F4F4\" class=\"elementor-section elementor-top-section elementor-element elementor-element-8b9ea84 elementor-section-boxed elementor-section-height-default elementor-section-height-default\" data-id=\"8b9ea84\" data-element_type=\"section\" data-settings=\"{&quot;background_background&quot;:&quot;classic&quot;}\">\n\t\t\t\t\t\t<div class=\"elementor-container elementor-column-gap-default\">\n\t\t\t\t\t<div class=\"elementor-column elementor-col-100 elementor-top-column elementor-element elementor-element-a825bc2\" data-id=\"a825bc2\" data-element_type=\"column\">\n\t\t\t<div class=\"elementor-widget-wrap elementor-element-populated\">\n\t\t\t\t\t\t<div class=\"elementor-element elementor-element-d4d819e elementor-widget elementor-widget-heading\" data-id=\"d4d819e\" data-element_type=\"widget\" data-widget_type=\"heading.default\">\n\t\t\t\t<div class=\"elementor-widget-container\">\n\t\t\t<h3 class=\"elementor-heading-title elementor-size-default\"><span class=\"gc-green-bar\">Haftungsbeschr\u00e4nkung<\/span>\n<\/h3>\t\t<\/div>\n\t\t\t\t<\/div>\n\t\t\t\t<div class=\"elementor-element elementor-element-e4e1bd3 elementor-widget elementor-widget-text-editor\" data-id=\"e4e1bd3\" data-element_type=\"widget\" data-widget_type=\"text-editor.default\">\n\t\t\t\t<div class=\"elementor-widget-container\">\n\t\t\t\t\t\t\t<p>Das Unternehmen \u00fcbernimmt keine ausdr\u00fcckliche oder stillschweigende Garantie f\u00fcr die Integrit\u00e4t, Korrektheit, Aktualit\u00e4t, Kommerzialit\u00e4t, Nichtverletzung von Rechten oder die Eignung des Inhalts der Website f\u00fcr irgendeine Nutzung, Anwendung oder einen Zweck.<\/p>\n<p>Das Unternehmen unternimmt alle Anstrengungen, um sicherzustellen, dass die Dienste und Inhalte der Website nahtlos und ohne Unterbrechung bereitgestellt werden. Es ist jedoch nicht verantwortlich f\u00fcr eine vor\u00fcbergehende Nichtverf\u00fcgbarkeit der Website, die Einstellung einer oder aller ihrer Funktionen oder etwaige Fehlfunktionen oder technische Probleme, die auftreten k\u00f6nnen.<\/p>\n<p>Unter keinen Umst\u00e4nden, auch nicht bei Fahrl\u00e4ssigkeit, haftet das Unternehmen Ihnen oder Dritten gegen\u00fcber f\u00fcr Sch\u00e4den jeglicher Art, seien sie direkt oder indirekt, tats\u00e4chlich oder als Folge, die in irgendeiner Weise mit der Nutzung oder dem Browsen auf der Website und der Inanspruchnahme der darin enthaltenen Dienstleistungen oder Informationen zusammenh\u00e4ngen.<\/p>\n\t\t\t\t\t\t<\/div>\n\t\t\t\t<\/div>\n\t\t\t\t\t<\/div>\n\t\t<\/div>\n\t\t\t\t\t<\/div>\n\t\t<\/section>\n\t\t\t\t<section data-dce-background-color=\"#F4F4F4\" class=\"elementor-section elementor-top-section elementor-element elementor-element-561c825 elementor-section-boxed elementor-section-height-default elementor-section-height-default\" data-id=\"561c825\" data-element_type=\"section\" data-settings=\"{&quot;background_background&quot;:&quot;classic&quot;}\">\n\t\t\t\t\t\t<div class=\"elementor-container elementor-column-gap-default\">\n\t\t\t\t\t<div class=\"elementor-column elementor-col-100 elementor-top-column elementor-element elementor-element-63294f5\" data-id=\"63294f5\" data-element_type=\"column\">\n\t\t\t<div class=\"elementor-widget-wrap elementor-element-populated\">\n\t\t\t\t\t\t<div class=\"elementor-element elementor-element-259a362 elementor-widget elementor-widget-heading\" data-id=\"259a362\" data-element_type=\"widget\" data-widget_type=\"heading.default\">\n\t\t\t\t<div class=\"elementor-widget-container\">\n\t\t\t<h3 class=\"elementor-heading-title elementor-size-default\"><span class=\"gc-green-bar\">Geistige Eigentumsrechte<\/span>\n<\/h3>\t\t<\/div>\n\t\t\t\t<\/div>\n\t\t\t\t<div class=\"elementor-element elementor-element-3ac452f elementor-widget elementor-widget-text-editor\" data-id=\"3ac452f\" data-element_type=\"widget\" data-widget_type=\"text-editor.default\">\n\t\t\t\t<div class=\"elementor-widget-container\">\n\t\t\t\t\t\t\t<p>Das Urheberrecht an den Inhalten und Dienstleistungen der Website, einschlie\u00dflich, aber nicht beschr\u00e4nkt auf, Texte, Fotos, Zeichnungen, kommerzielle und finanzielle Daten, Programme, jede Art von Dateien, Marken\/Logos, Layout der Website, sind durch die Gesetze Zyperns, europ\u00e4ische und internationale Urheberrechtsgesetze gesch\u00fctzt und geh\u00f6ren ausschlie\u00dflich dem Unternehmen und werden den Nutzern\/Besuchern ausschlie\u00dflich f\u00fcr den pers\u00f6nlichen Gebrauch zur Verf\u00fcgung gestellt. Das Unternehmen handelt stets nach bestem Wissen und Gewissen und unternimmt alle Anstrengungen, um sicherzustellen, dass die auf der Website dargestellten Inhalte und Informationen so genau und wahrheitsgetreu wie m\u00f6glich sind, haftet jedoch in keiner Weise f\u00fcr deren Zuverl\u00e4ssigkeit oder Vollst\u00e4ndigkeit.<\/p>\n<p>Jegliche Vervielf\u00e4ltigung, Verbreitung, \u00dcbertragung, Verarbeitung, Weiterverkauf, Erstellung von abgeleiteten Werken oder Irref\u00fchrung der \u00d6ffentlichkeit \u00fcber den tats\u00e4chlichen Anbieter des Inhalts der Website ist verboten. Jede Vervielf\u00e4ltigung, Wiederver\u00f6ffentlichung, jedes Laden, jede Ank\u00fcndigung, Verbreitung oder \u00dcbertragung oder jede andere Nutzung des Inhalts der Website in irgendeiner Weise oder f\u00fcr kommerzielle oder andere Zwecke ist nur mit vorheriger schriftlicher Genehmigung des Unternehmens oder eines anderen Urheberrechtsinhabers gestattet. Andernfalls k\u00f6nnen die oben genannten Handlungen eine Verletzung der geistigen\/industriellen Eigentumsrechte des Unternehmens darstellen, das sich das Recht vorbeh\u00e4lt, die ihm entstandenen Sch\u00e4den in \u00dcbereinstimmung mit den Bestimmungen des geltenden Rechts geltend zu machen.<\/p>\n<p>Sie akzeptieren und erkennen an, dass das Unternehmen die M\u00f6glichkeit hat, alle auf der Website dargestellten Elemente kommerziell zu nutzen (entweder durch sich selbst oder durch Dritte).<\/p>\n\t\t\t\t\t\t<\/div>\n\t\t\t\t<\/div>\n\t\t\t\t\t<\/div>\n\t\t<\/div>\n\t\t\t\t\t<\/div>\n\t\t<\/section>\n\t\t\t\t<section data-dce-background-color=\"#F4F4F4\" class=\"elementor-section elementor-top-section elementor-element elementor-element-14dbe29 elementor-section-boxed elementor-section-height-default elementor-section-height-default\" data-id=\"14dbe29\" data-element_type=\"section\" data-settings=\"{&quot;background_background&quot;:&quot;classic&quot;}\">\n\t\t\t\t\t\t<div class=\"elementor-container elementor-column-gap-default\">\n\t\t\t\t\t<div class=\"elementor-column elementor-col-100 elementor-top-column elementor-element elementor-element-651220a\" data-id=\"651220a\" data-element_type=\"column\">\n\t\t\t<div class=\"elementor-widget-wrap elementor-element-populated\">\n\t\t\t\t\t\t<div class=\"elementor-element elementor-element-112c74c elementor-widget elementor-widget-heading\" data-id=\"112c74c\" data-element_type=\"widget\" data-widget_type=\"heading.default\">\n\t\t\t\t<div class=\"elementor-widget-container\">\n\t\t\t<h3 class=\"elementor-heading-title elementor-size-default\"><span class=\"gc-green-bar\">Schutz von personenbezogenen Daten und Cookies<\/span>\n<\/h3>\t\t<\/div>\n\t\t\t\t<\/div>\n\t\t\t\t<div class=\"elementor-element elementor-element-043b76e elementor-widget elementor-widget-text-editor\" data-id=\"043b76e\" data-element_type=\"widget\" data-widget_type=\"text-editor.default\">\n\t\t\t\t<div class=\"elementor-widget-container\">\n\t\t\t\t\t\t\t<p>Das Unternehmen respektiert Ihre personenbezogenen Daten. Es verf\u00fcgt \u00fcber eine Datenschutzerkl\u00e4rung, die jederzeit und ohne Vorank\u00fcndigung \u00fcberarbeitet und aktualisiert werden kann. Wir bitten Sie, diese Bedingungen regelm\u00e4\u00dfig auf \u00c4nderungen zu \u00fcberpr\u00fcfen.<\/p>\n<p>Sie sind verpflichtet, die Kontaktformulare und den Newsletter auszuf\u00fcllen, indem Sie wahrheitsgem\u00e4\u00dfe, genaue und aktuelle Angaben zu den auf der Website angeforderten Informationen machen.<br \/>Das Unternehmen kann Cookies verwenden, d. h. kleine Textdateien, die auf Ihrem Computer gespeichert werden, wenn Sie auf der Website navigieren, ohne dass Sie irgendwelche Informationen von einer Computerdatei erhalten. Weitere Informationen \u00fcber die durch Cookies erhobenen Daten finden Sie in der Cookie-Richtlinie.<\/p>\n\t\t\t\t\t\t<\/div>\n\t\t\t\t<\/div>\n\t\t\t\t\t<\/div>\n\t\t<\/div>\n\t\t\t\t\t<\/div>\n\t\t<\/section>\n\t\t\t\t<section data-dce-background-color=\"#F4F4F4\" class=\"elementor-section elementor-top-section elementor-element elementor-element-78f7218 elementor-section-boxed elementor-section-height-default elementor-section-height-default\" data-id=\"78f7218\" data-element_type=\"section\" data-settings=\"{&quot;background_background&quot;:&quot;classic&quot;}\">\n\t\t\t\t\t\t<div class=\"elementor-container elementor-column-gap-default\">\n\t\t\t\t\t<div class=\"elementor-column elementor-col-100 elementor-top-column elementor-element elementor-element-e9a705b\" data-id=\"e9a705b\" data-element_type=\"column\">\n\t\t\t<div class=\"elementor-widget-wrap elementor-element-populated\">\n\t\t\t\t\t\t<div class=\"elementor-element elementor-element-7cb129d elementor-widget elementor-widget-heading\" data-id=\"7cb129d\" data-element_type=\"widget\" data-widget_type=\"heading.default\">\n\t\t\t\t<div class=\"elementor-widget-container\">\n\t\t\t<h3 class=\"elementor-heading-title elementor-size-default\"><span class=\"gc-green-bar\">Links zu anderen Websites<\/span>\n<\/h3>\t\t<\/div>\n\t\t\t\t<\/div>\n\t\t\t\t<div class=\"elementor-element elementor-element-2efb837 elementor-widget elementor-widget-text-editor\" data-id=\"2efb837\" data-element_type=\"widget\" data-widget_type=\"text-editor.default\">\n\t\t\t\t<div class=\"elementor-widget-container\">\n\t\t\t\t\t\t\t<p>Das Unternehmen hat keine Kontrolle \u00fcber die Verf\u00fcgbarkeit, den Inhalt, die Datenschutzerkl\u00e4rung, die Qualit\u00e4t und die Vollst\u00e4ndigkeit der Dienstleistungen anderer Websites und Webseiten, auf die es durch Links, Hyperlinks oder Banner verweist. Daher m\u00fcssen Sie sich bei allen Problemen, die w\u00e4hrend der Nutzung dieser Websites auftreten, direkt an die jeweiligen Websites und Webseiten wenden, die f\u00fcr die Bereitstellung ihrer Dienste verantwortlich sind. Die Links werden zu Ihrer Bequemlichkeit zur Verf\u00fcgung gestellt und das Unternehmen billigt, akzeptiert oder ist in keinem Fall f\u00fcr den Inhalt jedes Links verantwortlich.<\/p>\n\t\t\t\t\t\t<\/div>\n\t\t\t\t<\/div>\n\t\t\t\t\t<\/div>\n\t\t<\/div>\n\t\t\t\t\t<\/div>\n\t\t<\/section>\n\t\t\t\t<section data-dce-background-color=\"#F4F4F4\" class=\"elementor-section elementor-top-section elementor-element elementor-element-74ee4bd elementor-section-boxed elementor-section-height-default elementor-section-height-default\" data-id=\"74ee4bd\" data-element_type=\"section\" data-settings=\"{&quot;background_background&quot;:&quot;classic&quot;}\">\n\t\t\t\t\t\t<div class=\"elementor-container elementor-column-gap-default\">\n\t\t\t\t\t<div class=\"elementor-column elementor-col-100 elementor-top-column elementor-element elementor-element-190a47d\" data-id=\"190a47d\" data-element_type=\"column\">\n\t\t\t<div class=\"elementor-widget-wrap elementor-element-populated\">\n\t\t\t\t\t\t<div class=\"elementor-element elementor-element-5771387 elementor-widget elementor-widget-heading\" data-id=\"5771387\" data-element_type=\"widget\" data-widget_type=\"heading.default\">\n\t\t\t\t<div class=\"elementor-widget-container\">\n\t\t\t<h3 class=\"elementor-heading-title elementor-size-default\"><span class=\"gc-green-bar\">Anwendbares Recht \u2013 Gerichtsstand<\/span>\n<\/h3>\t\t<\/div>\n\t\t\t\t<\/div>\n\t\t\t\t<div class=\"elementor-element elementor-element-924525b elementor-widget elementor-widget-text-editor\" data-id=\"924525b\" data-element_type=\"widget\" data-widget_type=\"text-editor.default\">\n\t\t\t\t<div class=\"elementor-widget-container\">\n\t\t\t\t\t\t\t<p>Alle Streitigkeiten, die im Zusammenhang mit dem Betrieb und der Nutzung der Website entstehen k\u00f6nnen, unterliegen der Gerichtsbarkeit der Gerichte von Nikosia, Zypern, wenn eine einvernehmliche L\u00f6sung nicht m\u00f6glich ist. Das anwendbare Recht ist das Recht Zyperns.<\/p>\n\t\t\t\t\t\t<\/div>\n\t\t\t\t<\/div>\n\t\t\t\t\t<\/div>\n\t\t<\/div>\n\t\t\t\t\t<\/div>\n\t\t<\/section>\n\t\t\t\t<section data-dce-background-color=\"#F4F4F4\" class=\"elementor-section elementor-top-section elementor-element elementor-element-6ddc749 elementor-section-boxed elementor-section-height-default elementor-section-height-default\" data-id=\"6ddc749\" data-element_type=\"section\" data-settings=\"{&quot;background_background&quot;:&quot;classic&quot;}\">\n\t\t\t\t\t\t<div class=\"elementor-container elementor-column-gap-default\">\n\t\t\t\t\t<div class=\"elementor-column elementor-col-100 elementor-top-column elementor-element elementor-element-0db0e86\" data-id=\"0db0e86\" data-element_type=\"column\">\n\t\t\t<div class=\"elementor-widget-wrap elementor-element-populated\">\n\t\t\t\t\t\t<div class=\"elementor-element elementor-element-e94b1ca elementor-widget elementor-widget-heading\" data-id=\"e94b1ca\" data-element_type=\"widget\" data-widget_type=\"heading.default\">\n\t\t\t\t<div class=\"elementor-widget-container\">\n\t\t\t<h3 class=\"elementor-heading-title elementor-size-default\"><span class=\"gc-green-bar\">Kontakt<\/span>\n<\/h3>\t\t<\/div>\n\t\t\t\t<\/div>\n\t\t\t\t<div class=\"elementor-element elementor-element-d7dd20a elementor-widget elementor-widget-text-editor\" data-id=\"d7dd20a\" data-element_type=\"widget\" data-widget_type=\"text-editor.default\">\n\t\t\t\t<div class=\"elementor-widget-container\">\n\t\t\t\t\t\t\t<p>F\u00fcr jegliche Information, Aufkl\u00e4rung oder Anfrage k\u00f6nnen Sie sich an das Unternehmen wenden, indem Sie eine E-Mail an <a href=\"mailto:support@oktopay.freshdesk.com\">support@oktopay.eu<\/a> senden.<\/p>\n\t\t\t\t\t\t<\/div>\n\t\t\t\t<\/div>\n\t\t\t\t\t<\/div>\n\t\t<\/div>\n\t\t\t\t\t<\/div>\n\t\t<\/section>\n\t\t\t\t<\/div>\n\t\t","protected":false},"excerpt":{"rendered":"<p>Website-Nutzungsbedingungen Allgemein Die Website unter dem Domainnamen \u201ehttp:\/\/ www.oktocash.eu\u201c (kurz als die \u201eSite\u201c bezeichnet) ist Eigentum von OKTOPAY LIMITED, einem Unternehmen mit Sitz in Zypern, 16, John Kennedy Ave, 2nd Floor, NIVIAN COURT, 1087, Nicosia, Zypern, mit der Registrierungsnummer HE400907 (kurz als das \u201eUnternehmen\u201c oder die \u201eFirma\u201c bezeichnet) und unterliegt den unten aufgef\u00fchrten Nutzungsbedingungen, die [&hellip;]<\/p>\n","protected":false},"author":4,"featured_media":0,"parent":0,"menu_order":0,"comment_status":"closed","ping_status":"closed","template":"","meta":{"footnotes":""},"_links":{"self":[{"href":"https:\/\/oktocash.com\/de\/wp-json\/wp\/v2\/pages\/7510"}],"collection":[{"href":"https:\/\/oktocash.com\/de\/wp-json\/wp\/v2\/pages"}],"about":[{"href":"https:\/\/oktocash.com\/de\/wp-json\/wp\/v2\/types\/page"}],"author":[{"embeddable":true,"href":"https:\/\/oktocash.com\/de\/wp-json\/wp\/v2\/users\/4"}],"replies":[{"embeddable":true,"href":"https:\/\/oktocash.com\/de\/wp-json\/wp\/v2\/comments?post=7510"}],"version-history":[{"count":3,"href":"https:\/\/oktocash.com\/de\/wp-json\/wp\/v2\/pages\/7510\/revisions"}],"predecessor-version":[{"id":15879,"href":"https:\/\/oktocash.com\/de\/wp-json\/wp\/v2\/pages\/7510\/revisions\/15879"}],"wp:attachment":[{"href":"https:\/\/oktocash.com\/de\/wp-json\/wp\/v2\/media?parent=7510"}],"curies":[{"name":"wp","href":"https:\/\/api.w.org\/{rel}","templated":true}]}}