{"id":2908,"date":"2021-05-10T14:25:14","date_gmt":"2021-05-10T14:25:14","guid":{"rendered":"https:\/\/oktocash.eu\/clone\/termeni-de-utilizare\/"},"modified":"2024-12-18T18:37:08","modified_gmt":"2024-12-18T18:37:08","slug":"termeni-de-utilizare","status":"publish","type":"page","link":"https:\/\/oktocash.com\/ro\/termeni-de-utilizare\/","title":{"rendered":"Termeni de utilizare"},"content":{"rendered":"\t\t<div data-elementor-type=\"wp-page\" data-elementor-id=\"2908\" class=\"elementor elementor-2908 elementor-9\" data-elementor-post-type=\"page\">\n\t\t\t\t\t\t<section data-dce-background-image-url=\"https:\/\/oktocash.com\/\/wp-content\/uploads\/2021\/03\/Half-O-scroll-1.png\" class=\"elementor-section elementor-top-section elementor-element elementor-element-2aed39c elementor-section-boxed elementor-section-height-default elementor-section-height-default\" data-id=\"2aed39c\" data-element_type=\"section\" data-settings=\"{&quot;background_background&quot;:&quot;classic&quot;}\">\n\t\t\t\t\t\t<div class=\"elementor-container elementor-column-gap-default\">\n\t\t\t\t\t<div class=\"elementor-column elementor-col-100 elementor-top-column elementor-element elementor-element-b9758fc\" data-id=\"b9758fc\" data-element_type=\"column\">\n\t\t\t<div class=\"elementor-widget-wrap elementor-element-populated\">\n\t\t\t\t\t\t<div class=\"elementor-element elementor-element-c2f518a elementor-widget elementor-widget-heading\" data-id=\"c2f518a\" data-element_type=\"widget\" data-widget_type=\"heading.default\">\n\t\t\t\t<div class=\"elementor-widget-container\">\n\t\t\t<h1 class=\"elementor-heading-title elementor-size-default\"><span class=\"gc-green-bar\">Termeni de utilizare<\/span><\/h1>\t\t<\/div>\n\t\t\t\t<\/div>\n\t\t\t\t\t<\/div>\n\t\t<\/div>\n\t\t\t\t\t<\/div>\n\t\t<\/section>\n\t\t\t\t<section data-dce-background-color=\"#F4F4F4\" class=\"elementor-section elementor-top-section elementor-element elementor-element-fe8fab1 elementor-section-boxed elementor-section-height-default elementor-section-height-default\" data-id=\"fe8fab1\" data-element_type=\"section\" data-settings=\"{&quot;background_background&quot;:&quot;classic&quot;}\">\n\t\t\t\t\t\t<div class=\"elementor-container elementor-column-gap-default\">\n\t\t\t\t\t<div class=\"elementor-column elementor-col-100 elementor-top-column elementor-element elementor-element-a05d210\" data-id=\"a05d210\" data-element_type=\"column\">\n\t\t\t<div class=\"elementor-widget-wrap elementor-element-populated\">\n\t\t\t\t\t\t<div class=\"elementor-element elementor-element-07d8024 elementor-widget elementor-widget-heading\" data-id=\"07d8024\" data-element_type=\"widget\" data-widget_type=\"heading.default\">\n\t\t\t\t<div class=\"elementor-widget-container\">\n\t\t\t<h3 class=\"elementor-heading-title elementor-size-default\">GENERALIT\u0102\u021aI<\/h3>\t\t<\/div>\n\t\t\t\t<\/div>\n\t\t\t\t<div class=\"elementor-element elementor-element-183ddd7 elementor-widget elementor-widget-text-editor\" data-id=\"183ddd7\" data-element_type=\"widget\" data-widget_type=\"text-editor.default\">\n\t\t\t\t<div class=\"elementor-widget-container\">\n\t\t\t\t\t\t\t<div class=\"zw-paragraph\" data-width=\"641.896\" data-textformat=\"{\"><div class=\"zw-line-div\"><div class=\"zw-line-content\"><p>Site-ul web cu numele de domeniu \u201ehttps:\/\/oktocash.com\/\u201d (denumit \u00een continuare, pentru concizie, \u201eSite-ul\u201d) este de\u021binut de OKTOPAY LIMITED, o companie cu sediul \u00een Cipru, <span data-teams=\"true\">16, John Kennedy Ave, 2nd Floor, NIVIAN COURT, 1087<\/span>, Nicosia, Cipru, cu num\u0103rul de \u00eenregistrare HE400907, \u0219i licen\u021biat \u00een mod legal c\u0103tre Sureswipe EMI PLC, o companie \u00eenregistrat\u0103 \u00een Cipru care func\u021bioneaz\u0103 ca institu\u021bie de moned\u0103 electronic\u0103 licen\u021biat\u0103 sub supravegherea B\u0103ncii Centrale a Ciprului (num\u0103r de autorizare 115. 1.3.26) \u0219i aprobat\u0103 s\u0103 furnizeze servicii de moned\u0103 electronic\u0103 \u00een temeiul libert\u0103\u021bii de prestare a serviciilor \u00een \u021b\u0103rile EEE \u00een conformitate cu Directiva privind moneda electronic\u0103 \u0219i \u00een temeiul regimului de autoriza\u021bii temporare \u00een Regatul Unit (denumit\u0103 \u00een continuare, pentru concizie, \u201eCompania\u201d). Site-ul este guvernat de termenii de utilizare detalia\u021bi mai jos, pe care fiecare vizitator\/utilizator al site-ului este rugat s\u0103 \u00eei citeasc\u0103 cu aten\u021bie.<\/p><p>Utilizarea Site-ului implic\u0103 faptul c\u0103 a\u021bi citit, \u00een\u021beles \u0219i acceptat to\u021bi termenii de utilizare a Site-ului. \u00cen cazul \u00een care nu sunte\u021bi de acord cu ace\u0219ti termeni de utilizare, nu trebuie s\u0103 utiliza\u021bi serviciile \u0219i con\u021binutul Site-ului.<\/p><\/div><\/div><\/div>\t\t\t\t\t\t<\/div>\n\t\t\t\t<\/div>\n\t\t\t\t\t<\/div>\n\t\t<\/div>\n\t\t\t\t\t<\/div>\n\t\t<\/section>\n\t\t\t\t<section data-dce-background-color=\"#F4F4F4\" class=\"elementor-section elementor-top-section elementor-element elementor-element-b459e7d elementor-section-boxed elementor-section-height-default elementor-section-height-default\" data-id=\"b459e7d\" data-element_type=\"section\" data-settings=\"{&quot;background_background&quot;:&quot;classic&quot;}\">\n\t\t\t\t\t\t<div class=\"elementor-container elementor-column-gap-default\">\n\t\t\t\t\t<div class=\"elementor-column elementor-col-100 elementor-top-column elementor-element elementor-element-a72725d\" data-id=\"a72725d\" data-element_type=\"column\">\n\t\t\t<div class=\"elementor-widget-wrap elementor-element-populated\">\n\t\t\t\t\t\t<div class=\"elementor-element elementor-element-daa3039 elementor-widget elementor-widget-heading\" data-id=\"daa3039\" data-element_type=\"widget\" data-widget_type=\"heading.default\">\n\t\t\t\t<div class=\"elementor-widget-container\">\n\t\t\t<h3 class=\"elementor-heading-title elementor-size-default\">Comportamentul utilizatorului<\/h3>\t\t<\/div>\n\t\t\t\t<\/div>\n\t\t\t\t<div class=\"elementor-element elementor-element-9e733bc elementor-widget elementor-widget-text-editor\" data-id=\"9e733bc\" data-element_type=\"widget\" data-widget_type=\"text-editor.default\">\n\t\t\t\t<div class=\"elementor-widget-container\">\n\t\t\t\t\t\t\t<div class=\"zw-line-div\"><div class=\"zw-line-content\"><p>\u00cen calitate de utilizator al Site-ului, trebuie s\u0103 respecta\u021bi normele \u0219i dispozi\u021biile legilor Republicii Cipru, ale legisla\u021biei europene \u0219i interna\u021bionale \u0219i ale legisla\u021biei relevante care reglementeaz\u0103 telecomunica\u021biile \u0219i s\u0103 v\u0103 ab\u021bine\u021bi de la orice comportament ilegal sau abuziv \u00een timpul \u0219i \u00een leg\u0103tur\u0103 cu utilizarea acestuia. Sunte\u021bi responsabil pentru orice daune cauzate site-ului sau oric\u0103rei ter\u021be p\u0103r\u021bi, ca urmare a utiliz\u0103rii abuzive sau necorespunz\u0103toare a site-ului \u0219i a serviciilor oferite prin intermediul acestuia. \u00cen cazul \u00een care Compania este implicat\u0103 \u00een orice ac\u021biune \u00een justi\u021bie sau este obligat\u0103 s\u0103 pl\u0103teasc\u0103 orice form\u0103 de desp\u0103gubire din cauza \u00eenc\u0103lc\u0103rii obliga\u021biilor utilizatorului \u00een conformitate cu ace\u0219ti termeni, ve\u021bi fi obligat s\u0103 desp\u0103gubi\u021bi Compania pentru acest motiv.<\/p><\/div><\/div>\t\t\t\t\t\t<\/div>\n\t\t\t\t<\/div>\n\t\t\t\t\t<\/div>\n\t\t<\/div>\n\t\t\t\t\t<\/div>\n\t\t<\/section>\n\t\t\t\t<section data-dce-background-color=\"#F4F4F4\" class=\"elementor-section elementor-top-section elementor-element elementor-element-8b9ea84 elementor-section-boxed elementor-section-height-default elementor-section-height-default\" data-id=\"8b9ea84\" data-element_type=\"section\" data-settings=\"{&quot;background_background&quot;:&quot;classic&quot;}\">\n\t\t\t\t\t\t<div class=\"elementor-container elementor-column-gap-default\">\n\t\t\t\t\t<div class=\"elementor-column elementor-col-100 elementor-top-column elementor-element elementor-element-a825bc2\" data-id=\"a825bc2\" data-element_type=\"column\">\n\t\t\t<div class=\"elementor-widget-wrap elementor-element-populated\">\n\t\t\t\t\t\t<div class=\"elementor-element elementor-element-d4d819e elementor-widget elementor-widget-heading\" data-id=\"d4d819e\" data-element_type=\"widget\" data-widget_type=\"heading.default\">\n\t\t\t\t<div class=\"elementor-widget-container\">\n\t\t\t<h3 class=\"elementor-heading-title elementor-size-default\">Limitarea r\u0103spunderii <\/h3>\t\t<\/div>\n\t\t\t\t<\/div>\n\t\t\t\t<div class=\"elementor-element elementor-element-e4e1bd3 elementor-widget elementor-widget-text-editor\" data-id=\"e4e1bd3\" data-element_type=\"widget\" data-widget_type=\"text-editor.default\">\n\t\t\t\t<div class=\"elementor-widget-container\">\n\t\t\t\t\t\t\t<p>Compania nu ofer\u0103 nicio garan\u021bie, fie ea expres\u0103 sau implicit\u0103, cu privire la integritatea, corectitudinea, oportunitatea, comercialitatea, nerespectarea sau adecvarea con\u021binutului Site-ului pentru orice utilizare, aplica\u021bie sau scop.<\/p><p>Compania depune toate eforturile pentru a se asigura c\u0103 serviciile \u0219i con\u021binutul Site-ului sunt furnizate f\u0103r\u0103 \u00eentreruperi \u0219i f\u0103r\u0103 probleme. Cu toate acestea, nu este responsabil\u0103 pentru indisponibilitatea temporar\u0103 a Site-ului, pentru \u00eentreruperea oric\u0103reia sau a tuturor func\u021biilor sale sau pentru orice func\u021bionare defectuoas\u0103 sau probleme tehnice care pot ap\u0103rea.<\/p><p>\u00cen niciun caz, inclusiv din neglijen\u021b\u0103, Societatea nu este responsabil\u0103 fa\u021b\u0103 de dvs. sau fa\u021b\u0103 de o ter\u021b\u0103 parte pentru orice form\u0103 de daune, directe sau indirecte, efective sau subsecvente, legate \u00een vreun fel de utilizarea sau navigarea pe Site \u0219i de utilizarea serviciilor sau a informa\u021biilor con\u021binute \u00een acesta.<\/p>\t\t\t\t\t\t<\/div>\n\t\t\t\t<\/div>\n\t\t\t\t\t<\/div>\n\t\t<\/div>\n\t\t\t\t\t<\/div>\n\t\t<\/section>\n\t\t\t\t<section data-dce-background-color=\"#F4F4F4\" class=\"elementor-section elementor-top-section elementor-element elementor-element-561c825 elementor-section-boxed elementor-section-height-default elementor-section-height-default\" data-id=\"561c825\" data-element_type=\"section\" data-settings=\"{&quot;background_background&quot;:&quot;classic&quot;}\">\n\t\t\t\t\t\t<div class=\"elementor-container elementor-column-gap-default\">\n\t\t\t\t\t<div class=\"elementor-column elementor-col-100 elementor-top-column elementor-element elementor-element-63294f5\" data-id=\"63294f5\" data-element_type=\"column\">\n\t\t\t<div class=\"elementor-widget-wrap elementor-element-populated\">\n\t\t\t\t\t\t<div class=\"elementor-element elementor-element-259a362 elementor-widget elementor-widget-heading\" data-id=\"259a362\" data-element_type=\"widget\" data-widget_type=\"heading.default\">\n\t\t\t\t<div class=\"elementor-widget-container\">\n\t\t\t<h3 class=\"elementor-heading-title elementor-size-default\">Drepturile de proprietate intelectual\u0103<\/h3>\t\t<\/div>\n\t\t\t\t<\/div>\n\t\t\t\t<div class=\"elementor-element elementor-element-3ac452f elementor-widget elementor-widget-text-editor\" data-id=\"3ac452f\" data-element_type=\"widget\" data-widget_type=\"text-editor.default\">\n\t\t\t\t<div class=\"elementor-widget-container\">\n\t\t\t\t\t\t\t<p>Drepturile de autor asupra con\u021binutului \u0219i serviciilor Site-ului, inclusiv, dar f\u0103r\u0103 a se limita la, texte, fotografii, desene, date comerciale \u0219i financiare, programe, orice fel de fi\u0219iere, m\u0103rci comerciale\/logo-uri, aspectul Site-ului, sunt protejate de legile Republicii Cipru, de legile europene \u0219i interna\u021bionale privind drepturile de autor \u0219i apar\u021bin exclusiv Companiei, fiind puse la dispozi\u021bia utilizatorilor\/vizitatorilor s\u0103i strict pentru uz personal. Compania ac\u021bioneaz\u0103 \u00eentotdeauna cu bun\u0103 credin\u021b\u0103 \u0219i urm\u00e2nd practicile comerciale \u0219i depune toate eforturile pentru a se asigura c\u0103 con\u021binutul \u0219i informa\u021biile afi\u0219ate pe Site sunt c\u00e2t mai exacte \u0219i mai veridice posibil, dar nu este responsabil\u0103 \u00een niciun fel pentru fiabilitatea sau caracterul complet al acestora.<\/p><p>Orice copiere, distribuire, transfer, prelucrare, rev\u00e2nzare, creare de lucr\u0103ri derivate sau inducerea \u00een eroare a publicului cu privire la furnizorul real al con\u021binutului Site-ului este interzis\u0103. Orice reproducere, republicare, re\u00eenc\u0103rcare, \u00eenc\u0103rcare, anun\u021bare, diseminare sau transmitere sau orice alt\u0103 utilizare a con\u021binutului Site-ului \u00een orice mod sau \u00een orice scop comercial sau de alt\u0103 natur\u0103 este permis\u0103 numai cu acordul prealabil scris al Companiei sau al oric\u0103rui alt de\u021bin\u0103tor de drepturi de autor. \u00cen caz contrar, ac\u021biunile de mai sus pot constitui o \u00eenc\u0103lcare a drepturilor de proprietate intelectual\u0103\/industrial\u0103 ale Companiei, care \u00ee\u0219i rezerv\u0103 dreptul de a reclama orice daune cauzate acesteia \u00een conformitate cu prevederile legisla\u021biei \u00een vigoare.<\/p><p>Accepta\u021bi \u0219i recunoa\u0219te\u021bi c\u0103 Societatea are capacitatea de a utiliza \u00een scopuri comerciale (fie ea \u00eens\u0103\u0219i, fie ter\u021be p\u0103r\u021bi) toate elementele afi\u0219ate pe Site.<\/p>\t\t\t\t\t\t<\/div>\n\t\t\t\t<\/div>\n\t\t\t\t\t<\/div>\n\t\t<\/div>\n\t\t\t\t\t<\/div>\n\t\t<\/section>\n\t\t\t\t<section data-dce-background-color=\"#F4F4F4\" class=\"elementor-section elementor-top-section elementor-element elementor-element-14dbe29 elementor-section-boxed elementor-section-height-default elementor-section-height-default\" data-id=\"14dbe29\" data-element_type=\"section\" data-settings=\"{&quot;background_background&quot;:&quot;classic&quot;}\">\n\t\t\t\t\t\t<div class=\"elementor-container elementor-column-gap-default\">\n\t\t\t\t\t<div class=\"elementor-column elementor-col-100 elementor-top-column elementor-element elementor-element-651220a\" data-id=\"651220a\" data-element_type=\"column\">\n\t\t\t<div class=\"elementor-widget-wrap elementor-element-populated\">\n\t\t\t\t\t\t<div class=\"elementor-element elementor-element-112c74c elementor-widget elementor-widget-heading\" data-id=\"112c74c\" data-element_type=\"widget\" data-widget_type=\"heading.default\">\n\t\t\t\t<div class=\"elementor-widget-container\">\n\t\t\t<h3 class=\"elementor-heading-title elementor-size-default\">Protec\u021bia datelor cu caracter personal \u0219i Cookies<\/h3>\t\t<\/div>\n\t\t\t\t<\/div>\n\t\t\t\t<div class=\"elementor-element elementor-element-043b76e elementor-widget elementor-widget-text-editor\" data-id=\"043b76e\" data-element_type=\"widget\" data-widget_type=\"text-editor.default\">\n\t\t\t\t<div class=\"elementor-widget-container\">\n\t\t\t\t\t\t\t<p>Compania respect\u0103 datele dumneavoastr\u0103 cu caracter personal. Aceasta dispune de o Politic\u0103 de confiden\u021bialitate, care poate fi revizuit\u0103 \u0219i actualizat\u0103 \u00een orice moment, f\u0103r\u0103 notificare prealabil\u0103. V\u0103 rug\u0103m s\u0103 verifica\u021bi periodic aceste condi\u021bii pentru a vedea dac\u0103 au fost modificate.<\/p><p>Vi se cere s\u0103 completa\u021bi formularele de contact \u0219i newsletter-ul prin furnizarea de informa\u021bii adev\u0103rate, exacte \u0219i actualizate despre informa\u021biile solicitate pe site.<\/p><p>Compania poate utiliza cookie-uri, adic\u0103 fi\u0219iere text de mici dimensiuni, care sunt stocate pe computerul dvs. atunci c\u00e2nd naviga\u021bi pe site, f\u0103r\u0103 a primi informa\u021bii despre vreun fi\u0219ier informatic. Pentru mai multe informa\u021bii despre datele colectate prin cookie-uri, v\u0103 rug\u0103m s\u0103 vizita\u021bi Politica privind cookie-urile.<\/p>\t\t\t\t\t\t<\/div>\n\t\t\t\t<\/div>\n\t\t\t\t\t<\/div>\n\t\t<\/div>\n\t\t\t\t\t<\/div>\n\t\t<\/section>\n\t\t\t\t<section data-dce-background-color=\"#F4F4F4\" class=\"elementor-section elementor-top-section elementor-element elementor-element-78f7218 elementor-section-boxed elementor-section-height-default elementor-section-height-default\" data-id=\"78f7218\" data-element_type=\"section\" data-settings=\"{&quot;background_background&quot;:&quot;classic&quot;}\">\n\t\t\t\t\t\t<div class=\"elementor-container elementor-column-gap-default\">\n\t\t\t\t\t<div class=\"elementor-column elementor-col-100 elementor-top-column elementor-element elementor-element-e9a705b\" data-id=\"e9a705b\" data-element_type=\"column\">\n\t\t\t<div class=\"elementor-widget-wrap elementor-element-populated\">\n\t\t\t\t\t\t<div class=\"elementor-element elementor-element-7cb129d elementor-widget elementor-widget-heading\" data-id=\"7cb129d\" data-element_type=\"widget\" data-widget_type=\"heading.default\">\n\t\t\t\t<div class=\"elementor-widget-container\">\n\t\t\t<h3 class=\"elementor-heading-title elementor-size-default\">Link-uri c\u0103tre alte site-uri<\/h3>\t\t<\/div>\n\t\t\t\t<\/div>\n\t\t\t\t<div class=\"elementor-element elementor-element-2efb837 elementor-widget elementor-widget-text-editor\" data-id=\"2efb837\" data-element_type=\"widget\" data-widget_type=\"text-editor.default\">\n\t\t\t\t<div class=\"elementor-widget-container\">\n\t\t\t\t\t\t\t<p>Compania nu controleaz\u0103 disponibilitatea, con\u021binutul, politica de confiden\u021bialitate, calitatea \u0219i caracterul complet al serviciilor altor site-uri \u0219i pagini web la care face trimitere prin link-uri, hyperlink-uri sau bannere. Prin urmare, pentru orice problem\u0103 ap\u0103rut\u0103 \u00een timpul utiliz\u0103rii acestora, trebuie s\u0103 contacta\u021bi direct site-urile \u0219i paginile web respective care sunt responsabile pentru furnizarea serviciilor lor. Leg\u0103turile sunt furnizate pentru confortul dumneavoastr\u0103, iar compania nu aprob\u0103, nu accept\u0103 \u0219i nu este responsabil\u0103 \u00een niciun caz pentru con\u021binutul fiec\u0103rui link.<\/p>\t\t\t\t\t\t<\/div>\n\t\t\t\t<\/div>\n\t\t\t\t\t<\/div>\n\t\t<\/div>\n\t\t\t\t\t<\/div>\n\t\t<\/section>\n\t\t\t\t<section data-dce-background-color=\"#F4F4F4\" class=\"elementor-section elementor-top-section elementor-element elementor-element-74ee4bd elementor-section-boxed elementor-section-height-default elementor-section-height-default\" data-id=\"74ee4bd\" data-element_type=\"section\" data-settings=\"{&quot;background_background&quot;:&quot;classic&quot;}\">\n\t\t\t\t\t\t<div class=\"elementor-container elementor-column-gap-default\">\n\t\t\t\t\t<div class=\"elementor-column elementor-col-100 elementor-top-column elementor-element elementor-element-190a47d\" data-id=\"190a47d\" data-element_type=\"column\">\n\t\t\t<div class=\"elementor-widget-wrap elementor-element-populated\">\n\t\t\t\t\t\t<div class=\"elementor-element elementor-element-5771387 elementor-widget elementor-widget-heading\" data-id=\"5771387\" data-element_type=\"widget\" data-widget_type=\"heading.default\">\n\t\t\t\t<div class=\"elementor-widget-container\">\n\t\t\t<h3 class=\"elementor-heading-title elementor-size-default\">Legea aplicabil\u0103 - Jurisdic\u021bia<\/h3>\t\t<\/div>\n\t\t\t\t<\/div>\n\t\t\t\t<div class=\"elementor-element elementor-element-924525b elementor-widget elementor-widget-text-editor\" data-id=\"924525b\" data-element_type=\"widget\" data-widget_type=\"text-editor.default\">\n\t\t\t\t<div class=\"elementor-widget-container\">\n\t\t\t\t\t\t\t<p>Orice litigiu care ar putea ap\u0103rea \u00een leg\u0103tur\u0103 cu func\u021bionarea \u0219i utilizarea site-ului, \u00een cazul \u00een care solu\u021bionarea consensual\u0103 nu este posibil\u0103, va fi supus jurisdic\u021biei instan\u021belor din Republica Cipru. Legea aplicabil\u0103 va fi legea Republicii Cipru.<\/p>\t\t\t\t\t\t<\/div>\n\t\t\t\t<\/div>\n\t\t\t\t\t<\/div>\n\t\t<\/div>\n\t\t\t\t\t<\/div>\n\t\t<\/section>\n\t\t\t\t<section data-dce-background-color=\"#F4F4F4\" class=\"elementor-section elementor-top-section elementor-element elementor-element-6ddc749 elementor-section-boxed elementor-section-height-default elementor-section-height-default\" data-id=\"6ddc749\" data-element_type=\"section\" data-settings=\"{&quot;background_background&quot;:&quot;classic&quot;}\">\n\t\t\t\t\t\t<div class=\"elementor-container elementor-column-gap-default\">\n\t\t\t\t\t<div class=\"elementor-column elementor-col-100 elementor-top-column elementor-element elementor-element-0db0e86\" data-id=\"0db0e86\" data-element_type=\"column\">\n\t\t\t<div class=\"elementor-widget-wrap elementor-element-populated\">\n\t\t\t\t\t\t<div class=\"elementor-element elementor-element-e94b1ca elementor-widget elementor-widget-heading\" data-id=\"e94b1ca\" data-element_type=\"widget\" data-widget_type=\"heading.default\">\n\t\t\t\t<div class=\"elementor-widget-container\">\n\t\t\t<h3 class=\"elementor-heading-title elementor-size-default\">Date de contact<\/h3>\t\t<\/div>\n\t\t\t\t<\/div>\n\t\t\t\t<div class=\"elementor-element elementor-element-d7dd20a elementor-widget elementor-widget-text-editor\" data-id=\"d7dd20a\" data-element_type=\"widget\" data-widget_type=\"text-editor.default\">\n\t\t\t\t<div class=\"elementor-widget-container\">\n\t\t\t\t\t\t\t<p>Pentru orice informa\u021bii, clarific\u0103ri, depunerea oric\u0103rei cereri, pute\u021bi contacta Compania prin trimiterea unui e-mail la adresa <a href=\"mailto:support@oktopay.eu\">support@oktopay.eu<\/a><\/p>\t\t\t\t\t\t<\/div>\n\t\t\t\t<\/div>\n\t\t\t\t\t<\/div>\n\t\t<\/div>\n\t\t\t\t\t<\/div>\n\t\t<\/section>\n\t\t\t\t<\/div>\n\t\t","protected":false},"excerpt":{"rendered":"<p>Termeni de utilizare GENERALIT\u0102\u021aI Site-ul web cu numele de domeniu \u201ehttps:\/\/oktocash.com\/\u201d (denumit \u00een continuare, pentru concizie, \u201eSite-ul\u201d) este de\u021binut de OKTOPAY LIMITED, o companie cu sediul \u00een Cipru, 16, John Kennedy Ave, 2nd Floor, NIVIAN COURT, 1087, Nicosia, Cipru, cu num\u0103rul de \u00eenregistrare HE400907, \u0219i licen\u021biat \u00een mod legal c\u0103tre Sureswipe EMI PLC, o companie [&hellip;]<\/p>\n","protected":false},"author":4,"featured_media":0,"parent":0,"menu_order":0,"comment_status":"closed","ping_status":"closed","template":"","meta":{"footnotes":""},"_links":{"self":[{"href":"https:\/\/oktocash.com\/ro\/wp-json\/wp\/v2\/pages\/2908"}],"collection":[{"href":"https:\/\/oktocash.com\/ro\/wp-json\/wp\/v2\/pages"}],"about":[{"href":"https:\/\/oktocash.com\/ro\/wp-json\/wp\/v2\/types\/page"}],"author":[{"embeddable":true,"href":"https:\/\/oktocash.com\/ro\/wp-json\/wp\/v2\/users\/4"}],"replies":[{"embeddable":true,"href":"https:\/\/oktocash.com\/ro\/wp-json\/wp\/v2\/comments?post=2908"}],"version-history":[{"count":3,"href":"https:\/\/oktocash.com\/ro\/wp-json\/wp\/v2\/pages\/2908\/revisions"}],"predecessor-version":[{"id":15869,"href":"https:\/\/oktocash.com\/ro\/wp-json\/wp\/v2\/pages\/2908\/revisions\/15869"}],"wp:attachment":[{"href":"https:\/\/oktocash.com\/ro\/wp-json\/wp\/v2\/media?parent=2908"}],"curies":[{"name":"wp","href":"https:\/\/api.w.org\/{rel}","templated":true}]}}