{"id":4094,"date":"2022-10-19T12:22:46","date_gmt":"2022-10-19T12:22:46","guid":{"rendered":"https:\/\/oktocash.eu\/clone\/service-terms-of-use\/"},"modified":"2024-12-18T19:48:46","modified_gmt":"2024-12-18T19:48:46","slug":"termenii-de-utilizare-a-serviciului","status":"publish","type":"page","link":"https:\/\/oktocash.com\/ro\/termenii-de-utilizare-a-serviciului\/","title":{"rendered":"Termenii de utilizare a serviciului OKTO.CASH"},"content":{"rendered":"\t\t<div data-elementor-type=\"wp-page\" data-elementor-id=\"4094\" class=\"elementor elementor-4094 elementor-4079\" data-elementor-post-type=\"page\">\n\t\t\t\t\t\t<section data-dce-background-image-url=\"https:\/\/oktocash.com\/\/wp-content\/uploads\/2021\/03\/Half-O-scroll-1.png\" class=\"elementor-section elementor-top-section elementor-element elementor-element-2aed39c elementor-section-boxed elementor-section-height-default elementor-section-height-default\" data-id=\"2aed39c\" data-element_type=\"section\" data-settings=\"{&quot;background_background&quot;:&quot;classic&quot;}\">\n\t\t\t\t\t\t<div class=\"elementor-container elementor-column-gap-default\">\n\t\t\t\t\t<div class=\"elementor-column elementor-col-100 elementor-top-column elementor-element elementor-element-b9758fc\" data-id=\"b9758fc\" data-element_type=\"column\">\n\t\t\t<div class=\"elementor-widget-wrap elementor-element-populated\">\n\t\t\t\t\t\t<div class=\"elementor-element elementor-element-c2f518a elementor-widget elementor-widget-heading\" data-id=\"c2f518a\" data-element_type=\"widget\" data-widget_type=\"heading.default\">\n\t\t\t\t<div class=\"elementor-widget-container\">\n\t\t\t<h1 class=\"elementor-heading-title elementor-size-default\"><span class=\"gc-green-bar\">Termenii de utilizare a serviciului <br>OKTO.CASH<\/span><\/h1>\t\t<\/div>\n\t\t\t\t<\/div>\n\t\t\t\t\t<\/div>\n\t\t<\/div>\n\t\t\t\t\t<\/div>\n\t\t<\/section>\n\t\t\t\t<section data-dce-background-color=\"#F4F4F4\" class=\"elementor-section elementor-top-section elementor-element elementor-element-fe8fab1 elementor-section-boxed elementor-section-height-default elementor-section-height-default\" data-id=\"fe8fab1\" data-element_type=\"section\" data-settings=\"{&quot;background_background&quot;:&quot;classic&quot;}\">\n\t\t\t\t\t\t<div class=\"elementor-container elementor-column-gap-default\">\n\t\t\t\t\t<div class=\"elementor-column elementor-col-100 elementor-top-column elementor-element elementor-element-a05d210\" data-id=\"a05d210\" data-element_type=\"column\">\n\t\t\t<div class=\"elementor-widget-wrap elementor-element-populated\">\n\t\t\t\t\t\t<div class=\"elementor-element elementor-element-183ddd7 elementor-widget elementor-widget-text-editor\" data-id=\"183ddd7\" data-element_type=\"widget\" data-widget_type=\"text-editor.default\">\n\t\t\t\t<div class=\"elementor-widget-container\">\n\t\t\t\t\t\t\t<p style=\"text-align: justify;\"><span lang=\"RO\">Pute\u021bi s\u0103 depune\u021bi bani \u00een contul dumneavoastr\u0103\u00a0folosind (printre altele) OKTO.Cash. Dac\u0103 selecta\u021bi aceast\u0103 metod\u0103, vi se va\u00a0cere s\u0103 selecta\u021bi suma de bani pe care dori\u021bi s\u0103 o depune\u021bi \u00een contul dumneavoastr\u0103\u00a0\u0219i un cod de plat\u0103\/voucher va fi emis de Sureswipe EMI PLC, o companie\u00a0\u00eenregistrat\u0103 \u00een Cipru, care func\u021bioneaz\u0103 ca institu\u021bie autorizat\u0103 \u00een opera\u021biuni\u00a0de tip moned\u0103 electronic\u0103 (e-money) sub supravegherea B\u0103ncii Centrale din\u00a0Cipru, de\u021bin\u0103toare a unei Licen\u021be de Tip II (Decizia nr. 2112\/29-09-2020 a\u00a0Comitetului de Supraveghere a Oficiului Na\u021bional pentru Jocuri de Noroc,\u00a0Ministerul Finan\u021belor Publice, Guvernul Rom\u00e2niei (denumit\u0103 \u00een continuare \u201e<b>Sureswipe<\/b>\u201d) prin intermediul aplica\u021biei\u00a0comerciantului la o valoare echivalent\u0103 cu suma pe care a\u021bi selectat-o (\u201e<b>Codul de plat\u0103<\/b>\u201d).<\/span><span style=\"font-size: 2pt; color: var( --e-global-color-text );\">\u00a0<\/span><\/p><p style=\"text-align: justify;\"><span lang=\"RO\">Codul de\u00a0plat\u0103 va avea prenumele, numele de familie \u0219i num\u0103rul dumneavoastr\u0103 de\u00a0identitate. Prin aplica\u021bia comerciantului, ve\u021bi fi informat cu privire la\u00a0punctele fizice unde pute\u021bi pl\u0103ti, \u00een numerar, valoarea codului de plat\u0103 (\u201e<b>Suma de plat\u0103<\/b>\u201d). V\u0103 rug\u0103m s\u0103 re\u021bine\u021bi\u00a0c\u0103 se aplic\u0103 limit\u0103ri cu privire la suma de plat\u0103.<\/span><\/p><p style=\"text-align: justify;\"><span lang=\"RO\">Doar dumneavoastr\u0103 pute\u021bi s\u0103 fi\u021bi \u00eenaintea punctelor\u00a0fizice \u0219i s\u0103 efectua\u021bi plata men\u021bionat\u0103 anterior. Trebuie s\u0103 prezenta\u021bi cardul\u00a0dumneavoastr\u0103 de identitate.<\/span><\/p><p style=\"text-align: justify;\"><span lang=\"RO\">Punctele\u00a0fizice, ac\u021bion\u00e2nd \u00een conformitate cu instruc\u021biunile primite de la Sureswipe,\u00a0\u00ee\u0219i rezerv\u0103 dreptul de a refuza acceptarea unei pl\u0103\u021bi. Ve\u021bi fi informat cu\u00a0privire la motivele pentru care nu pute\u021bi efectua plata, cu excep\u021bia cazului \u00een\u00a0care acest lucru nu este permis de legisla\u021bia aplicabil\u0103. <br \/>Punctul fizic va scana sau va introduce num\u0103rul codului de plat\u0103. Cu condi\u021bia\u00a0s\u0103 nu existe niciun motiv pentru a refuza continuarea tranzac\u021biei, punctul\u00a0fizic va primi de la dumneavoastr\u0103 suma de plat\u0103, ve\u021bi primi o chitan\u021b\u0103\u00a0\u0219i contul dumneavoastr\u0103 va fi creditat imediat cu suma de plat\u0103. <\/span><\/p><p style=\"text-align: justify;\"><span lang=\"RO\">V\u0103 rug\u0103m s\u0103 re\u021bine\u021bi c\u0103 dup\u0103 emiterea \u0219i pl\u0103tirea\u00a0codului de plat\u0103, nu este posibil\u0103 nicio rambursare sau anulare. Dac\u0103 ave\u021bi\u00a0\u00eentreb\u0103ri sau reclama\u021bii, pute\u021bi contacta comerciantul. <\/span><\/p><p style=\"text-align: justify;\"><span lang=\"RO\">Pentru emiterea codului de plat\u0103 \u0219i pl\u0103tirea sumei de\u00a0plat\u0103, Sureswipe trebuie s\u0103 prelucreze datele dumneavoastr\u0103 cu caracter\u00a0personal dup\u0103 cum urmeaz\u0103: <\/span><\/p><p style=\"text-align: justify;\"><b><span lang=\"RO\">De ce\u00a0vor fi folosite datele dumneavoastr\u0103 cu caracter personal?<\/span><\/b><b><\/b><\/p><p style=\"text-align: justify;\"><span lang=\"RO\">Datele dumneavoastr\u0103 cu caracter personal vor fi\u00a0prelucrate astfel \u00eenc\u00e2t codul de plat\u0103 s\u0103 fie emis \u0219i pl\u0103tirea sumei de plat\u0103\u00a0s\u0103 fie finalizat\u0103. <\/span><\/p><p style=\"text-align: justify;\"><b><span lang=\"RO\">Ce fel\u00a0de date cu caracter personal vor fi prelucrate \u0219i \u00een ce mod?\u00a0\u00a0\u00a0\u00a0\u00a0\u00a0\u00a0\u00a0\u00a0\u00a0\u00a0 <\/span><\/b><b><\/b><\/p><p style=\"text-align: justify;\"><span lang=\"RO\">Vom prelucra urm\u0103toarele categorii de date cu caracter\u00a0personal:<\/span><\/p><p style=\"text-align: justify;\"><span lang=\"RO\">* Date de identificare precum prenumele, numele de\u00a0familie, num\u0103rul CI, tipul CI, data expir\u0103rii CI, CNP.<\/span><\/p><p style=\"text-align: justify;\"><span lang=\"RO\">Datele indicate mai sus sunt transferate de c\u0103tre comerciant spre Sureswipe, prin distribuitorul acestuia, anume \u201eOKTOPAY LIMITED\u201d cu num\u0103rul de \u00eenregistrare HE400907, sediu social pe <span data-teams=\"true\">16, John Kennedy Ave, 2nd Floor, NIVIAN COURT, 1087<\/span>, Nicosia, Cyprus (\u201e<b>OKTOPAY<\/b>\u201d),\u00a0dup\u0103 ce a\u021bi selectat s\u0103 utiliza\u021bi OKTO.Cash pentru a alimenta contul\u00a0dumneavoastr\u0103. <\/span><\/p><p style=\"text-align: justify;\"><b><span lang=\"RO\">Cine\u00a0are acces la datele dumneavoastr\u0103 cu caracter personal?<\/span><\/b><b><\/b><\/p><p style=\"text-align: justify;\"><span lang=\"RO\">Sureswipe \u0219i Oktopay vor avea acces la datele\u00a0dumneavoastr\u0103 cu caracter personal. Mai mult, datele dumneavoastr\u0103 cu caracter\u00a0personal pot fi dezv\u0103luite unor companii ter\u021be care furnizeaz\u0103 servicii de<br \/>stocare de tip cloud \u0219i\/sau servicii de verificare, av\u00e2nd calitatea de\u00a0procesatori ai companiilor Sureswipe \u0219i\/sau Oktopay. <\/span><\/p><p style=\"text-align: justify;\"><b><span lang=\"RO\">Care\u00a0este temeiul juridic pentru prelucrarea datelor dumneavoastr\u0103 cu caracter<br \/>personal?<\/span><\/b><b><\/b><\/p><p style=\"text-align: justify;\"><span lang=\"RO\">Vom prelucra datele dumneavoastr\u0103 cu caracter personal\u00a0pentru a ne conforma obliga\u021biilor legale inclusiv, printre altele, legisla\u021biei\u00a0AML \u0219i\/sau legisla\u021biei fiscale aplicabile. <\/span><\/p><p style=\"text-align: justify;\"><b><span lang=\"RO\">Care\u00a0este perioada de p\u0103strare a datelor dumneavoastr\u0103 cu caracter personal?<\/span><\/b><b><\/b><\/p><p style=\"text-align: justify;\"><span lang=\"RO\">Datele dumneavoastr\u0103 cu caracter personal vor fi\u00a0p\u0103strate timp de cinci (5) ani de la emiterea codului de plat\u0103, cu excep\u021bia\u00a0cazului \u00een care legisla\u021bia aplicabil\u0103 prevede o perioad\u0103 mai lung\u0103 de p\u0103strare<br \/>a datelor.<\/span><\/p><p style=\"text-align: justify;\"><span lang=\"RO\">Informa\u021bii despre drepturile dumneavoastr\u0103 \u00een calitate\u00a0de persoan\u0103 vizat\u0103 fa\u021b\u0103 de Sureswipe \u0219i\/sau Oktopay pute\u021bi g\u0103si \u00een politica de\u00a0confiden\u021bialitate disponibil\u0103 la urm\u0103toarele link-uri: <\/span><\/p><p style=\"text-align: justify;\"><span lang=\"RO\">Pentru Sureswipe: <\/span><span lang=\"EN-GB\"><a href=\"https:\/\/www.oktowallet.eu\/privacy-policy\/\" rel=\"nofollow noopener\" target=\"_blank\"><span lang=\"RO\">https:\/\/www.oktowallet.eu\/privacy-policy\/<\/span><\/a><\/span><\/p><p style=\"text-align: justify;\"><span lang=\"RO\">Pentru Oktopay: <\/span><span lang=\"EN-GB\"><a href=\"https:\/\/oktocash.com\/\/privacy-policy\/\"><span lang=\"RO\">https:\/\/oktocash.com\/\/ro\/politica-de-confidentialitate\/<\/span><\/a><\/span><\/p><p style=\"text-align: justify;\"><span lang=\"RO\">Pute\u021bi g\u0103si informa\u021bii despre prelucrarea efectuat\u0103 de\u00a0comerciant \u00een politica de confiden\u021bialitate a comerciantului.<\/span><\/p><p style=\"text-align: justify;\"><b>Termeni \u0219i condi\u021bii pentru consumatori\u00a0<\/b><b>OKTO e-portofel:\u00a0\u00a0<\/b><\/p><p style=\"text-align: justify;\">\u00a0<a href=\"https:\/\/www.oktowallet.eu\/ro\/consumer-terms-and-conditions\/\" data-auth=\"NotApplicable\" rel=\"nofollow noopener\" target=\"_blank\">https:\/\/www.oktowallet.eu\/ro\/consumer-terms-and-conditions\/<\/a><\/p>\t\t\t\t\t\t<\/div>\n\t\t\t\t<\/div>\n\t\t\t\t\t<\/div>\n\t\t<\/div>\n\t\t\t\t\t<\/div>\n\t\t<\/section>\n\t\t\t\t<\/div>\n\t\t","protected":false},"excerpt":{"rendered":"<p>Termenii de utilizare a serviciului OKTO.CASH Pute\u021bi s\u0103 depune\u021bi bani \u00een contul dumneavoastr\u0103\u00a0folosind (printre altele) OKTO.Cash. Dac\u0103 selecta\u021bi aceast\u0103 metod\u0103, vi se va\u00a0cere s\u0103 selecta\u021bi suma de bani pe care dori\u021bi s\u0103 o depune\u021bi \u00een contul dumneavoastr\u0103\u00a0\u0219i un cod de plat\u0103\/voucher va fi emis de Sureswipe EMI PLC, o companie\u00a0\u00eenregistrat\u0103 \u00een Cipru, care func\u021bioneaz\u0103 ca [&hellip;]<\/p>\n","protected":false},"author":7,"featured_media":0,"parent":0,"menu_order":0,"comment_status":"closed","ping_status":"closed","template":"","meta":{"footnotes":""},"_links":{"self":[{"href":"https:\/\/oktocash.com\/ro\/wp-json\/wp\/v2\/pages\/4094"}],"collection":[{"href":"https:\/\/oktocash.com\/ro\/wp-json\/wp\/v2\/pages"}],"about":[{"href":"https:\/\/oktocash.com\/ro\/wp-json\/wp\/v2\/types\/page"}],"author":[{"embeddable":true,"href":"https:\/\/oktocash.com\/ro\/wp-json\/wp\/v2\/users\/7"}],"replies":[{"embeddable":true,"href":"https:\/\/oktocash.com\/ro\/wp-json\/wp\/v2\/comments?post=4094"}],"version-history":[{"count":3,"href":"https:\/\/oktocash.com\/ro\/wp-json\/wp\/v2\/pages\/4094\/revisions"}],"predecessor-version":[{"id":15898,"href":"https:\/\/oktocash.com\/ro\/wp-json\/wp\/v2\/pages\/4094\/revisions\/15898"}],"wp:attachment":[{"href":"https:\/\/oktocash.com\/ro\/wp-json\/wp\/v2\/media?parent=4094"}],"curies":[{"name":"wp","href":"https:\/\/api.w.org\/{rel}","templated":true}]}}