{"id":7551,"date":"2021-03-18T10:37:23","date_gmt":"2021-03-18T10:37:23","guid":{"rendered":"https:\/\/oktocash.eu\/partners-2\/"},"modified":"2024-03-05T13:39:49","modified_gmt":"2024-03-05T13:39:49","slug":"partners","status":"publish","type":"page","link":"https:\/\/oktocash.com\/sr\/partners\/","title":{"rendered":"Partners"},"content":{"rendered":"\t\t<div data-elementor-type=\"wp-page\" data-elementor-id=\"7551\" class=\"elementor elementor-7551 elementor-1502\" data-elementor-post-type=\"page\">\n\t\t\t\t\t\t<section class=\"elementor-section elementor-top-section elementor-element elementor-element-0807177 elementor-section-boxed elementor-section-height-default elementor-section-height-default\" data-id=\"0807177\" data-element_type=\"section\">\n\t\t\t\t\t\t<div class=\"elementor-container elementor-column-gap-default\">\n\t\t\t\t\t<div class=\"elementor-column elementor-col-100 elementor-top-column elementor-element elementor-element-e125153\" data-id=\"e125153\" data-element_type=\"column\">\n\t\t\t<div class=\"elementor-widget-wrap elementor-element-populated\">\n\t\t\t\t\t\t<div class=\"elementor-element elementor-element-6a69471 elementor-widget elementor-widget-heading\" data-id=\"6a69471\" data-element_type=\"widget\" data-widget_type=\"heading.default\">\n\t\t\t\t<div class=\"elementor-widget-container\">\n\t\t\t<h1 class=\"elementor-heading-title elementor-size-default\"><span class=\"gc-green-bar\">Na\u0161i partneri<\/span><\/h1>\t\t<\/div>\n\t\t\t\t<\/div>\n\t\t\t\t<div class=\"elementor-element elementor-element-aebd738 elementor-widget__width-initial elementor-widget elementor-widget-text-editor\" data-id=\"aebd738\" data-element_type=\"widget\" data-widget_type=\"text-editor.default\">\n\t\t\t\t<div class=\"elementor-widget-container\">\n\t\t\t\t\t\t\t<p>OKTO.CASH instaliran je na onlajn sajtu i u mobilnoj aplikaciji na\u0161ih partnerskih onlajn kompanija, \u0161to je idealno re\u0161enje za korisnike koji u\u017eivaju u svim prednostima interneta, ali ipak radije obavljaju transakcije van mre\u017ee. <\/p>\n<p>Kod ovih partnera sada mo\u017eete platiti pomo\u0107u na\u010dina OKTO.CASH:<\/p>\n\t\t\t\t\t\t<\/div>\n\t\t\t\t<\/div>\n\t\t<div class=\"geot-ajax geot-filter\" data-action=\"country_filter\" data-filter=\"\" data-region=\"\" data-ex_filter=\"Spain\" data-ex_region=\"\">\t\t<section class=\"elementor-section elementor-inner-section elementor-element elementor-element-292d4dd elementor-section-boxed elementor-section-height-default elementor-section-height-default\" data-id=\"292d4dd\" data-element_type=\"section\">\n\t\t\t\t\t\t<div class=\"elementor-container elementor-column-gap-wide\">\n\t\t\t\t\t<div data-dce-background-hover-color=\"#003A65\" class=\"elementor-column elementor-col-20 elementor-inner-column elementor-element elementor-element-51d4e6c\" data-id=\"51d4e6c\" data-element_type=\"column\" data-settings=\"{&quot;background_background&quot;:&quot;classic&quot;}\">\n\t\t\t<div class=\"elementor-widget-wrap elementor-element-populated\">\n\t\t\t\t\t\t\t<\/div>\n\t\t<\/div>\n\t\t\t\t<div class=\"elementor-column elementor-col-20 elementor-inner-column elementor-element elementor-element-b5ee814\" data-id=\"b5ee814\" data-element_type=\"column\" data-settings=\"{&quot;background_background&quot;:&quot;classic&quot;}\">\n\t\t\t<div class=\"elementor-widget-wrap elementor-element-populated\">\n\t\t\t\t\t\t\t<\/div>\n\t\t<\/div>\n\t\t\t\t<div data-dce-background-hover-color=\"#003A65\" class=\"elementor-column elementor-col-20 elementor-inner-column elementor-element elementor-element-b7f6984\" data-id=\"b7f6984\" data-element_type=\"column\" data-settings=\"{&quot;background_background&quot;:&quot;classic&quot;}\">\n\t\t\t<div class=\"elementor-widget-wrap elementor-element-populated\">\n\t\t\t\t\t\t\t<\/div>\n\t\t<\/div>\n\t\t\t\t<div class=\"elementor-column elementor-col-20 elementor-inner-column elementor-element elementor-element-e2b16e2\" data-id=\"e2b16e2\" data-element_type=\"column\" data-settings=\"{&quot;background_background&quot;:&quot;classic&quot;}\">\n\t\t\t<div class=\"elementor-widget-wrap elementor-element-populated\">\n\t\t\t\t\t\t\t<\/div>\n\t\t<\/div>\n\t\t\t\t<div class=\"elementor-column elementor-col-20 elementor-inner-column elementor-element elementor-element-acac430\" data-id=\"acac430\" data-element_type=\"column\" data-settings=\"{&quot;background_background&quot;:&quot;classic&quot;}\">\n\t\t\t<div class=\"elementor-widget-wrap\">\n\t\t\t\t\t\t\t<\/div>\n\t\t<\/div>\n\t\t\t\t\t<\/div>\n\t\t<\/section>\n\t\t<\/div>\t\t<div class=\"elementor-element elementor-element-559bc89 elementor-widget__width-initial elementor-widget elementor-widget-text-editor\" data-id=\"559bc89\" data-element_type=\"widget\" data-widget_type=\"text-editor.default\">\n\t\t\t\t<div class=\"elementor-widget-container\">\n\t\t\t\t\t\t\t<p>Nastavite da nas pratite za vi\u0161e informacije o onlajn partnerima koji su spremni da ponude re\u0161enje!<\/p>\n\t\t\t\t\t\t<\/div>\n\t\t\t\t<\/div>\n\t\t\t\t\t<\/div>\n\t\t<\/div>\n\t\t\t\t\t<\/div>\n\t\t<\/section>\n\t\t\t\t<\/div>\n\t\t","protected":false},"excerpt":{"rendered":"<p>Na\u0161i partneri OKTO.CASH instaliran je na onlajn sajtu i u mobilnoj aplikaciji na\u0161ih partnerskih onlajn kompanija, \u0161to je idealno re\u0161enje za korisnike koji u\u017eivaju u svim prednostima interneta, ali ipak radije obavljaju transakcije van mre\u017ee. Kod ovih partnera sada mo\u017eete platiti pomo\u0107u na\u010dina OKTO.CASH: Nastavite da nas pratite za vi\u0161e informacije o onlajn partnerima koji [&hellip;]<\/p>\n","protected":false},"author":4,"featured_media":0,"parent":0,"menu_order":0,"comment_status":"closed","ping_status":"closed","template":"","meta":{"footnotes":""},"_links":{"self":[{"href":"https:\/\/oktocash.com\/sr\/wp-json\/wp\/v2\/pages\/7551"}],"collection":[{"href":"https:\/\/oktocash.com\/sr\/wp-json\/wp\/v2\/pages"}],"about":[{"href":"https:\/\/oktocash.com\/sr\/wp-json\/wp\/v2\/types\/page"}],"author":[{"embeddable":true,"href":"https:\/\/oktocash.com\/sr\/wp-json\/wp\/v2\/users\/4"}],"replies":[{"embeddable":true,"href":"https:\/\/oktocash.com\/sr\/wp-json\/wp\/v2\/comments?post=7551"}],"version-history":[{"count":3,"href":"https:\/\/oktocash.com\/sr\/wp-json\/wp\/v2\/pages\/7551\/revisions"}],"predecessor-version":[{"id":9394,"href":"https:\/\/oktocash.com\/sr\/wp-json\/wp\/v2\/pages\/7551\/revisions\/9394"}],"wp:attachment":[{"href":"https:\/\/oktocash.com\/sr\/wp-json\/wp\/v2\/media?parent=7551"}],"curies":[{"name":"wp","href":"https:\/\/api.w.org\/{rel}","templated":true}]}}