{"id":7610,"date":"2023-09-12T10:42:23","date_gmt":"2023-09-12T10:42:23","guid":{"rendered":"https:\/\/oktocash.eu\/uslovi-koriscenja-sajta\/"},"modified":"2024-12-18T18:49:24","modified_gmt":"2024-12-18T18:49:24","slug":"uslovi-koriscenja-sajta","status":"publish","type":"page","link":"https:\/\/oktocash.com\/sr\/uslovi-koriscenja-sajta\/","title":{"rendered":"Uslovi kori\u0161\u0107enja sajta"},"content":{"rendered":"\t\t<div data-elementor-type=\"wp-page\" data-elementor-id=\"7610\" class=\"elementor elementor-7610 elementor-9\" data-elementor-post-type=\"page\">\n\t\t\t\t\t\t<section data-dce-background-image-url=\"https:\/\/oktocash.com\/\/wp-content\/uploads\/2021\/03\/Half-O-scroll-1.png\" class=\"elementor-section elementor-top-section elementor-element elementor-element-2aed39c elementor-section-boxed elementor-section-height-default elementor-section-height-default\" data-id=\"2aed39c\" data-element_type=\"section\" data-settings=\"{&quot;background_background&quot;:&quot;classic&quot;}\">\n\t\t\t\t\t\t<div class=\"elementor-container elementor-column-gap-default\">\n\t\t\t\t\t<div class=\"elementor-column elementor-col-100 elementor-top-column elementor-element elementor-element-b9758fc\" data-id=\"b9758fc\" data-element_type=\"column\">\n\t\t\t<div class=\"elementor-widget-wrap elementor-element-populated\">\n\t\t\t\t\t\t<div class=\"elementor-element elementor-element-c2f518a elementor-widget elementor-widget-heading\" data-id=\"c2f518a\" data-element_type=\"widget\" data-widget_type=\"heading.default\">\n\t\t\t\t<div class=\"elementor-widget-container\">\n\t\t\t<h1 class=\"elementor-heading-title elementor-size-default\"><span class=\"gc-green-bar\">Uslovi kori\u0161\u0107enja sajta<\/span><\/h1>\t\t<\/div>\n\t\t\t\t<\/div>\n\t\t\t\t\t<\/div>\n\t\t<\/div>\n\t\t\t\t\t<\/div>\n\t\t<\/section>\n\t\t\t\t<section data-dce-background-color=\"#F4F4F4\" class=\"elementor-section elementor-top-section elementor-element elementor-element-fe8fab1 elementor-section-boxed elementor-section-height-default elementor-section-height-default\" data-id=\"fe8fab1\" data-element_type=\"section\" data-settings=\"{&quot;background_background&quot;:&quot;classic&quot;}\">\n\t\t\t\t\t\t<div class=\"elementor-container elementor-column-gap-default\">\n\t\t\t\t\t<div class=\"elementor-column elementor-col-100 elementor-top-column elementor-element elementor-element-a05d210\" data-id=\"a05d210\" data-element_type=\"column\">\n\t\t\t<div class=\"elementor-widget-wrap elementor-element-populated\">\n\t\t\t\t\t\t<div class=\"elementor-element elementor-element-07d8024 elementor-widget elementor-widget-heading\" data-id=\"07d8024\" data-element_type=\"widget\" data-widget_type=\"heading.default\">\n\t\t\t\t<div class=\"elementor-widget-container\">\n\t\t\t<h3 class=\"elementor-heading-title elementor-size-default\"><span class=\"gc-green-bar\">Op\u0161ti uslovi<\/span>\n<\/h3>\t\t<\/div>\n\t\t\t\t<\/div>\n\t\t\t\t<div class=\"elementor-element elementor-element-183ddd7 elementor-widget elementor-widget-text-editor\" data-id=\"183ddd7\" data-element_type=\"widget\" data-widget_type=\"text-editor.default\">\n\t\t\t\t<div class=\"elementor-widget-container\">\n\t\t\t\t\t\t\t<p>Veb-sajt sa nazivom domena \u201ehttp:\/\/ www.oktocash.eu\u201c (u daljem tekstu, zbog sa\u017eetosti, \u201eSajt\u201c) u vlasni\u0161tvu kompanije OKTOPAY LIMITED, kompanije sa sedi\u0161tem na Kipru, <span data-teams=\"true\">16, John Kennedy Ave, 2nd Floor, NIVIAN COURT, 1087<\/span>, Nikozija, Kipar, sa registarskim brojem HE400907 (u daljem tekstu, zbog sa\u017eetosti, \u201eKompanija\u201c) reguli\u0161e se dole navedenim uslovima kori\u0161\u0107enja koje svaki posetilac\/korisnik Sajta treba pa\u017eljivo da pro\u010dita.<\/p><p>Kori\u0161\u0107enje Sajta podrazumeva da ste pro\u010ditali, razumeli i prihvatili sve uslove kori\u0161\u0107enja Sajta. U slu\u010daju da se ne sla\u017eete sa ovim uslovima kori\u0161\u0107enja, ne smete da koristite usluge i sadr\u017eaj Sajta.<\/p>\t\t\t\t\t\t<\/div>\n\t\t\t\t<\/div>\n\t\t\t\t\t<\/div>\n\t\t<\/div>\n\t\t\t\t\t<\/div>\n\t\t<\/section>\n\t\t\t\t<section data-dce-background-color=\"#F4F4F4\" class=\"elementor-section elementor-top-section elementor-element elementor-element-b459e7d elementor-section-boxed elementor-section-height-default elementor-section-height-default\" data-id=\"b459e7d\" data-element_type=\"section\" data-settings=\"{&quot;background_background&quot;:&quot;classic&quot;}\">\n\t\t\t\t\t\t<div class=\"elementor-container elementor-column-gap-default\">\n\t\t\t\t\t<div class=\"elementor-column elementor-col-100 elementor-top-column elementor-element elementor-element-a72725d\" data-id=\"a72725d\" data-element_type=\"column\">\n\t\t\t<div class=\"elementor-widget-wrap elementor-element-populated\">\n\t\t\t\t\t\t<div class=\"elementor-element elementor-element-daa3039 elementor-widget elementor-widget-heading\" data-id=\"daa3039\" data-element_type=\"widget\" data-widget_type=\"heading.default\">\n\t\t\t\t<div class=\"elementor-widget-container\">\n\t\t\t<h3 class=\"elementor-heading-title elementor-size-default\"><span class=\"gc-green-bar\">Pona\u0161anje korisnika<\/span>\n<\/h3>\t\t<\/div>\n\t\t\t\t<\/div>\n\t\t\t\t<div class=\"elementor-element elementor-element-9e733bc elementor-widget elementor-widget-text-editor\" data-id=\"9e733bc\" data-element_type=\"widget\" data-widget_type=\"text-editor.default\">\n\t\t\t\t<div class=\"elementor-widget-container\">\n\t\t\t\t\t\t\t<p>Kao korisnik Sajta morate da se pridr\u017eavate pravila i odredbi kiparskih zakona, evropskog i me\u0111unarodnog prava i relevantnog zakonodavstva koje reguli\u0161e telekomunikacije i da se suzdr\u017eite od bilo kakvog nezakonitog ili uvredljivog pona\u0161anja tokom kori\u0161\u0107enja i u vezi sa njegovim kori\u0161\u0107enjem. Vi ste odgovorni za bilo kakvu \u0161tetu nanesenu Sajtu ili bilo kojoj tre\u0107oj strani, zbog zloupotrebe ili nepravilnog kori\u0161\u0107enja Sajta i usluga koje se putem njega nude. U slu\u010daju da je Kompanija uklju\u010dena u bilo kakav pravni postupak ili se od nje tra\u017ei pla\u0107anje bilo koje vrste naknade zbog kr\u0161enja korisnikovih obaveza prema ovim uslovima, bi\u0107ete du\u017eni da obe\u0161tetite Kompaniju zarad tog razloga.<\/p>\n\t\t\t\t\t\t<\/div>\n\t\t\t\t<\/div>\n\t\t\t\t\t<\/div>\n\t\t<\/div>\n\t\t\t\t\t<\/div>\n\t\t<\/section>\n\t\t\t\t<section data-dce-background-color=\"#F4F4F4\" class=\"elementor-section elementor-top-section elementor-element elementor-element-8b9ea84 elementor-section-boxed elementor-section-height-default elementor-section-height-default\" data-id=\"8b9ea84\" data-element_type=\"section\" data-settings=\"{&quot;background_background&quot;:&quot;classic&quot;}\">\n\t\t\t\t\t\t<div class=\"elementor-container elementor-column-gap-default\">\n\t\t\t\t\t<div class=\"elementor-column elementor-col-100 elementor-top-column elementor-element elementor-element-a825bc2\" data-id=\"a825bc2\" data-element_type=\"column\">\n\t\t\t<div class=\"elementor-widget-wrap elementor-element-populated\">\n\t\t\t\t\t\t<div class=\"elementor-element elementor-element-d4d819e elementor-widget elementor-widget-heading\" data-id=\"d4d819e\" data-element_type=\"widget\" data-widget_type=\"heading.default\">\n\t\t\t\t<div class=\"elementor-widget-container\">\n\t\t\t<h3 class=\"elementor-heading-title elementor-size-default\"><span class=\"gc-green-bar\">Ograni\u010denje odgovornosti<\/span>\n<\/h3>\t\t<\/div>\n\t\t\t\t<\/div>\n\t\t\t\t<div class=\"elementor-element elementor-element-e4e1bd3 elementor-widget elementor-widget-text-editor\" data-id=\"e4e1bd3\" data-element_type=\"widget\" data-widget_type=\"text-editor.default\">\n\t\t\t\t<div class=\"elementor-widget-container\">\n\t\t\t\t\t\t\t<p>Kompanija ne daje nikakvu garanciju, bilo izri\u010dito ili implicitno, u pogledu celovitosti, ta\u010dnosti, pravovremenosti, komercijalnosti, nekr\u0161enja ili prikladnosti sadr\u017eaja Sajta za bilo koju upotrebu, primenu ili svrhu.<\/p>\n<p>Kompanija ula\u017ee sve napore kako bi obezbedila da se usluge i sadr\u017eaj Sajta pru\u017eaju neometano i bez prekida. Me\u0111utim, nije odgovorna za bilo kakvu privremenu nedostupnost Sajta, prekid bilo koje ili svih njegovih funkcija, ili bilo kakav kvar ili tehni\u010dke probleme koji mogu nastati.<\/p>\n<p>Ni pod kojim okolnostima, uklju\u010duju\u0107i nemar, Kompanija nije odgovorna prema vama ili bilo kojoj tre\u0107oj strani za bilo kakav oblik \u0161tete, bilo neposredne ili posredne, stvarne ili posledi\u010dne, na bilo koji na\u010din povezane sa kori\u0161\u0107enjem ili pregledavanjem Sajta i kori\u0161\u0107enjem usluga ili informacija sadr\u017eanih na njemu.<\/p>\n\t\t\t\t\t\t<\/div>\n\t\t\t\t<\/div>\n\t\t\t\t\t<\/div>\n\t\t<\/div>\n\t\t\t\t\t<\/div>\n\t\t<\/section>\n\t\t\t\t<section data-dce-background-color=\"#F4F4F4\" class=\"elementor-section elementor-top-section elementor-element elementor-element-561c825 elementor-section-boxed elementor-section-height-default elementor-section-height-default\" data-id=\"561c825\" data-element_type=\"section\" data-settings=\"{&quot;background_background&quot;:&quot;classic&quot;}\">\n\t\t\t\t\t\t<div class=\"elementor-container elementor-column-gap-default\">\n\t\t\t\t\t<div class=\"elementor-column elementor-col-100 elementor-top-column elementor-element elementor-element-63294f5\" data-id=\"63294f5\" data-element_type=\"column\">\n\t\t\t<div class=\"elementor-widget-wrap elementor-element-populated\">\n\t\t\t\t\t\t<div class=\"elementor-element elementor-element-259a362 elementor-widget elementor-widget-heading\" data-id=\"259a362\" data-element_type=\"widget\" data-widget_type=\"heading.default\">\n\t\t\t\t<div class=\"elementor-widget-container\">\n\t\t\t<h3 class=\"elementor-heading-title elementor-size-default\"><span class=\"gc-green-bar\">Prava intelektualne svojine<\/span>\n<\/h3>\t\t<\/div>\n\t\t\t\t<\/div>\n\t\t\t\t<div class=\"elementor-element elementor-element-3ac452f elementor-widget elementor-widget-text-editor\" data-id=\"3ac452f\" data-element_type=\"widget\" data-widget_type=\"text-editor.default\">\n\t\t\t\t<div class=\"elementor-widget-container\">\n\t\t\t\t\t\t\t<p>Autorska prava sadr\u017eaja i usluga Sajta, uklju\u010duju\u0107i, ali ne ograni\u010davaju\u0107i se na tekstove, fotografije, crte\u017ee, komercijalne i finansijske podatke, programe, bilo koju vrstu datoteka, za\u0161titne znakove\/logotipe, izgled Sajta, za\u0161ti\u0107ena su kiparskim zakonima, evropskim i me\u0111unarodnim zakonima o autorskim pravima i pripadaju isklju\u010divo Kompaniji, te su dostupni njegovim korisnicima\/posetiocima isklju\u010divo za li\u010dnu upotrebu. Kompanija, uvek deluju\u0107i u dobroj veri i slede\u0107i trgova\u010dku praksu, ula\u017ee sve napore da bi obezbedila da sadr\u017eaj i informacije prikazani na Sajtu budu \u0161to je mogu\u0107e ta\u010dniji i istinitiji, ali nije odgovorna za njihovu pouzdanost ili potpunost.<\/p>\n<p>Zabranjeno je svako kopiranje, distribucija, prenos, obrada, preprodaja, kreiranje izvedenih radova ili obmanjivanje javnosti u vezi sa stvarnim pru\u017eaocem sadr\u017eaja Sajta. Bilo kakvo umno\u017eavanje, ponovno objavljivanje, u\u010ditavanje, najava, \u0161irenje ili prenos ili bilo koje drugo kori\u0161\u0107enje sadr\u017eaja Sajta na bilo koji na\u010din ili u bilo koje komercijalne ili druge svrhe dozvoljeno je samo uz prethodno odobrenje u pisanom obliku Kompanije ili bilo kog drugog nosioca autorskih prava. U protivnom, gore navedene radnje mogu predstavljati kr\u0161enje prava intelektualne\/industrijske svojine Kompanije, koja zadr\u017eava pravo potra\u017eivanja bilo kakve \u0161tete koja joj je naneta u skladu sa odredbama va\u017ee\u0107eg zakona.<\/p>\n<p>Prihvatate i potvr\u0111ujete da Kompanija ima mogu\u0107nost komercijalne upotrebe (bilo sama ili putem tre\u0107ih strana) svih stavki prikazanih na stranici.<\/p>\n\t\t\t\t\t\t<\/div>\n\t\t\t\t<\/div>\n\t\t\t\t\t<\/div>\n\t\t<\/div>\n\t\t\t\t\t<\/div>\n\t\t<\/section>\n\t\t\t\t<section data-dce-background-color=\"#F4F4F4\" class=\"elementor-section elementor-top-section elementor-element elementor-element-14dbe29 elementor-section-boxed elementor-section-height-default elementor-section-height-default\" data-id=\"14dbe29\" data-element_type=\"section\" data-settings=\"{&quot;background_background&quot;:&quot;classic&quot;}\">\n\t\t\t\t\t\t<div class=\"elementor-container elementor-column-gap-default\">\n\t\t\t\t\t<div class=\"elementor-column elementor-col-100 elementor-top-column elementor-element elementor-element-651220a\" data-id=\"651220a\" data-element_type=\"column\">\n\t\t\t<div class=\"elementor-widget-wrap elementor-element-populated\">\n\t\t\t\t\t\t<div class=\"elementor-element elementor-element-112c74c elementor-widget elementor-widget-heading\" data-id=\"112c74c\" data-element_type=\"widget\" data-widget_type=\"heading.default\">\n\t\t\t\t<div class=\"elementor-widget-container\">\n\t\t\t<h3 class=\"elementor-heading-title elementor-size-default\"><span class=\"gc-green-bar\">Za\u0161tita li\u010dnih podataka i kola\u010di\u0107a<\/span>\n<\/h3>\t\t<\/div>\n\t\t\t\t<\/div>\n\t\t\t\t<div class=\"elementor-element elementor-element-043b76e elementor-widget elementor-widget-text-editor\" data-id=\"043b76e\" data-element_type=\"widget\" data-widget_type=\"text-editor.default\">\n\t\t\t\t<div class=\"elementor-widget-container\">\n\t\t\t\t\t\t\t<p>Kompanija po\u0161tuje va\u0161e li\u010dne podatke. Ima politiku privatnosti koja se mo\u017ee revidirati i a\u017eurirati u bilo kom trenutku bez prethodne najave. Ljubazno vas molimo da redovno proveravate te uslove zbog eventualnih izmena i dopuna.<\/p>\n<p>Od vas se tra\u017ei da ispunite obrasce za kontakt i biltene tako da navedete istinite, ta\u010dne i a\u017eurne podatke o informacijama koje se tra\u017ee na Sajtu.<br \/>Kompanija mo\u017ee da koristi kola\u010di\u0107e, tj. male tekstualne datoteke, koje se \u010duvaju na va\u0161em ra\u010dunaru prilikom navigacije veb-sajtom, bez preuzimanja informacija o bilo kojoj datoteci na ra\u010dunaru. Za vi\u0161e informacija o podacima koje prikupljaju kola\u010di\u0107i, pogledajte politiku o kola\u010di\u0107ima.<\/p>\n\t\t\t\t\t\t<\/div>\n\t\t\t\t<\/div>\n\t\t\t\t\t<\/div>\n\t\t<\/div>\n\t\t\t\t\t<\/div>\n\t\t<\/section>\n\t\t\t\t<section data-dce-background-color=\"#F4F4F4\" class=\"elementor-section elementor-top-section elementor-element elementor-element-78f7218 elementor-section-boxed elementor-section-height-default elementor-section-height-default\" data-id=\"78f7218\" data-element_type=\"section\" data-settings=\"{&quot;background_background&quot;:&quot;classic&quot;}\">\n\t\t\t\t\t\t<div class=\"elementor-container elementor-column-gap-default\">\n\t\t\t\t\t<div class=\"elementor-column elementor-col-100 elementor-top-column elementor-element elementor-element-e9a705b\" data-id=\"e9a705b\" data-element_type=\"column\">\n\t\t\t<div class=\"elementor-widget-wrap elementor-element-populated\">\n\t\t\t\t\t\t<div class=\"elementor-element elementor-element-7cb129d elementor-widget elementor-widget-heading\" data-id=\"7cb129d\" data-element_type=\"widget\" data-widget_type=\"heading.default\">\n\t\t\t\t<div class=\"elementor-widget-container\">\n\t\t\t<h3 class=\"elementor-heading-title elementor-size-default\"><span class=\"gc-green-bar\">Linkovi do drugih sajtova<\/span>\n<\/h3>\t\t<\/div>\n\t\t\t\t<\/div>\n\t\t\t\t<div class=\"elementor-element elementor-element-2efb837 elementor-widget elementor-widget-text-editor\" data-id=\"2efb837\" data-element_type=\"widget\" data-widget_type=\"text-editor.default\">\n\t\t\t\t<div class=\"elementor-widget-container\">\n\t\t\t\t\t\t\t<p>Kompanija ne kontroli\u0161e dostupnost, sadr\u017eaj, politiku privatnosti, kvalitet i potpunost usluga drugih veb-sajtova i veb-stranica na koje upu\u0107uje putem linkova, hiperlinkova ili banera. Zbog toga, za bilo koji problem koji se pojavi tokom njihove upotrebe, morate neposredno kontaktirati odgovaraju\u0107e veb-sajtove i veb-stranice koje su odgovorne za pru\u017eanje svojih usluga. Linkovi su navedeni zbog vas i Kompanija ni u kom slu\u010daju ne odobrava, prihvata niti je odgovorna za sadr\u017eaj svakog linka.<\/p>\n\t\t\t\t\t\t<\/div>\n\t\t\t\t<\/div>\n\t\t\t\t\t<\/div>\n\t\t<\/div>\n\t\t\t\t\t<\/div>\n\t\t<\/section>\n\t\t\t\t<section data-dce-background-color=\"#F4F4F4\" class=\"elementor-section elementor-top-section elementor-element elementor-element-74ee4bd elementor-section-boxed elementor-section-height-default elementor-section-height-default\" data-id=\"74ee4bd\" data-element_type=\"section\" data-settings=\"{&quot;background_background&quot;:&quot;classic&quot;}\">\n\t\t\t\t\t\t<div class=\"elementor-container elementor-column-gap-default\">\n\t\t\t\t\t<div class=\"elementor-column elementor-col-100 elementor-top-column elementor-element elementor-element-190a47d\" data-id=\"190a47d\" data-element_type=\"column\">\n\t\t\t<div class=\"elementor-widget-wrap elementor-element-populated\">\n\t\t\t\t\t\t<div class=\"elementor-element elementor-element-5771387 elementor-widget elementor-widget-heading\" data-id=\"5771387\" data-element_type=\"widget\" data-widget_type=\"heading.default\">\n\t\t\t\t<div class=\"elementor-widget-container\">\n\t\t\t<h3 class=\"elementor-heading-title elementor-size-default\"><span class=\"gc-green-bar\">Va\u017ee\u0107i zakon \u2013 nadle\u017enost<\/span>\n<\/h3>\t\t<\/div>\n\t\t\t\t<\/div>\n\t\t\t\t<div class=\"elementor-element elementor-element-924525b elementor-widget elementor-widget-text-editor\" data-id=\"924525b\" data-element_type=\"widget\" data-widget_type=\"text-editor.default\">\n\t\t\t\t<div class=\"elementor-widget-container\">\n\t\t\t\t\t\t\t<p>Svaki spor koji mo\u017ee nastati u vezi sa radom i kori\u0161\u0107enjem Sajta, ako sporazumno re\u0161enje nije mogu\u0107e, bi\u0107e podlo\u017ean nadle\u017enosti sudova u Nikoziji, Kipar. Va\u017ee\u0107i zakon je kiparski zakon.<\/p>\n\t\t\t\t\t\t<\/div>\n\t\t\t\t<\/div>\n\t\t\t\t\t<\/div>\n\t\t<\/div>\n\t\t\t\t\t<\/div>\n\t\t<\/section>\n\t\t\t\t<section data-dce-background-color=\"#F4F4F4\" class=\"elementor-section elementor-top-section elementor-element elementor-element-6ddc749 elementor-section-boxed elementor-section-height-default elementor-section-height-default\" data-id=\"6ddc749\" data-element_type=\"section\" data-settings=\"{&quot;background_background&quot;:&quot;classic&quot;}\">\n\t\t\t\t\t\t<div class=\"elementor-container elementor-column-gap-default\">\n\t\t\t\t\t<div class=\"elementor-column elementor-col-100 elementor-top-column elementor-element elementor-element-0db0e86\" data-id=\"0db0e86\" data-element_type=\"column\">\n\t\t\t<div class=\"elementor-widget-wrap elementor-element-populated\">\n\t\t\t\t\t\t<div class=\"elementor-element elementor-element-e94b1ca elementor-widget elementor-widget-heading\" data-id=\"e94b1ca\" data-element_type=\"widget\" data-widget_type=\"heading.default\">\n\t\t\t\t<div class=\"elementor-widget-container\">\n\t\t\t<h3 class=\"elementor-heading-title elementor-size-default\"><span class=\"gc-green-bar\">Kontakt<\/span>\n<\/h3>\t\t<\/div>\n\t\t\t\t<\/div>\n\t\t\t\t<div class=\"elementor-element elementor-element-d7dd20a elementor-widget elementor-widget-text-editor\" data-id=\"d7dd20a\" data-element_type=\"widget\" data-widget_type=\"text-editor.default\">\n\t\t\t\t<div class=\"elementor-widget-container\">\n\t\t\t\t\t\t\t<p>Za sve informacije, obja\u0161njenja, podno\u0161enje bilo kakvog zahteva mo\u017eete da se obratite Kompaniji slanjem poruke e-po\u0161te na <a href=\"mailto:support@oktopay.freshdesk.com\">support@oktopayments.com<\/a><\/p>\n\t\t\t\t\t\t<\/div>\n\t\t\t\t<\/div>\n\t\t\t\t\t<\/div>\n\t\t<\/div>\n\t\t\t\t\t<\/div>\n\t\t<\/section>\n\t\t\t\t<\/div>\n\t\t","protected":false},"excerpt":{"rendered":"<p>Uslovi kori\u0161\u0107enja sajta Op\u0161ti uslovi Veb-sajt sa nazivom domena \u201ehttp:\/\/ www.oktocash.eu\u201c (u daljem tekstu, zbog sa\u017eetosti, \u201eSajt\u201c) u vlasni\u0161tvu kompanije OKTOPAY LIMITED, kompanije sa sedi\u0161tem na Kipru, 16, John Kennedy Ave, 2nd Floor, NIVIAN COURT, 1087, Nikozija, Kipar, sa registarskim brojem HE400907 (u daljem tekstu, zbog sa\u017eetosti, \u201eKompanija\u201c) reguli\u0161e se dole navedenim uslovima kori\u0161\u0107enja koje [&hellip;]<\/p>\n","protected":false},"author":4,"featured_media":0,"parent":0,"menu_order":0,"comment_status":"closed","ping_status":"closed","template":"","meta":{"footnotes":""},"_links":{"self":[{"href":"https:\/\/oktocash.com\/sr\/wp-json\/wp\/v2\/pages\/7610"}],"collection":[{"href":"https:\/\/oktocash.com\/sr\/wp-json\/wp\/v2\/pages"}],"about":[{"href":"https:\/\/oktocash.com\/sr\/wp-json\/wp\/v2\/types\/page"}],"author":[{"embeddable":true,"href":"https:\/\/oktocash.com\/sr\/wp-json\/wp\/v2\/users\/4"}],"replies":[{"embeddable":true,"href":"https:\/\/oktocash.com\/sr\/wp-json\/wp\/v2\/comments?post=7610"}],"version-history":[{"count":3,"href":"https:\/\/oktocash.com\/sr\/wp-json\/wp\/v2\/pages\/7610\/revisions"}],"predecessor-version":[{"id":15876,"href":"https:\/\/oktocash.com\/sr\/wp-json\/wp\/v2\/pages\/7610\/revisions\/15876"}],"wp:attachment":[{"href":"https:\/\/oktocash.com\/sr\/wp-json\/wp\/v2\/media?parent=7610"}],"curies":[{"name":"wp","href":"https:\/\/api.w.org\/{rel}","templated":true}]}}