{"id":9543,"date":"2024-03-19T18:19:26","date_gmt":"2024-03-19T18:19:26","guid":{"rendered":"https:\/\/oktocash.eu\/politika-privatnosti-copy\/"},"modified":"2025-04-24T10:33:46","modified_gmt":"2025-04-24T10:33:46","slug":"uslovi-i-odredbe-okto-cash-a","status":"publish","type":"page","link":"https:\/\/oktocash.com\/sr\/uslovi-i-odredbe-okto-cash-a\/","title":{"rendered":"Uslovi i Odredbe OKTO.CASH-a"},"content":{"rendered":"\t\t<div data-elementor-type=\"wp-page\" data-elementor-id=\"9543\" class=\"elementor elementor-9543 elementor-16629\" data-elementor-post-type=\"page\">\n\t\t\t\t\t\t<section data-dce-background-image-url=\"https:\/\/oktocash.com\/\/wp-content\/uploads\/2021\/03\/Half-O-scroll-1.png\" class=\"elementor-section elementor-top-section elementor-element elementor-element-83f93c4 elementor-section-content-bottom elementor-section-boxed elementor-section-height-default elementor-section-height-default\" data-id=\"83f93c4\" data-element_type=\"section\" data-settings=\"{&quot;background_background&quot;:&quot;classic&quot;}\">\n\t\t\t\t\t\t<div class=\"elementor-container elementor-column-gap-default\">\n\t\t\t\t\t<div class=\"elementor-column elementor-col-100 elementor-top-column elementor-element elementor-element-d419d7f\" data-id=\"d419d7f\" data-element_type=\"column\">\n\t\t\t<div class=\"elementor-widget-wrap elementor-element-populated\">\n\t\t\t\t\t\t<div class=\"elementor-element elementor-element-cfca0f3 elementor-widget elementor-widget-heading\" data-id=\"cfca0f3\" data-element_type=\"widget\" data-widget_type=\"heading.default\">\n\t\t\t\t<div class=\"elementor-widget-container\">\n\t\t\t<h1 class=\"elementor-heading-title elementor-size-default\"><span class=\"gc-green-bar\">Uslovi i Odredbe OKTO.CASH-a<\/span><\/h1>\t\t<\/div>\n\t\t\t\t<\/div>\n\t\t\t\t\t<\/div>\n\t\t<\/div>\n\t\t\t\t\t<\/div>\n\t\t<\/section>\n\t\t\t\t<section data-dce-background-color=\"#F4F4F4\" class=\"elementor-section elementor-top-section elementor-element elementor-element-8f2a9df elementor-section-boxed elementor-section-height-default elementor-section-height-default\" data-id=\"8f2a9df\" data-element_type=\"section\" data-settings=\"{&quot;background_background&quot;:&quot;classic&quot;}\">\n\t\t\t\t\t\t<div class=\"elementor-container elementor-column-gap-default\">\n\t\t\t\t\t<div class=\"elementor-column elementor-col-100 elementor-top-column elementor-element elementor-element-a70cbf2\" data-id=\"a70cbf2\" data-element_type=\"column\">\n\t\t\t<div class=\"elementor-widget-wrap elementor-element-populated\">\n\t\t\t\t\t\t<div class=\"elementor-element elementor-element-5467ca0 elementor-widget elementor-widget-text-editor\" data-id=\"5467ca0\" data-element_type=\"widget\" data-widget_type=\"text-editor.default\">\n\t\t\t\t<div class=\"elementor-widget-container\">\n\t\t\t\t\t\t\t<p>Mo\u017eete izvr\u0161iti uplatu sredstava na svoj onlajn ra\u010dun koji se vodi i registruje kod [ugovorenog trgovca] (\u201e<strong>Ra\u010dun<\/strong>\u201c) kori\u0161\u0107enjem, izme\u0111u ostalog, usluge Okto.cash. Ukoliko odaberete ovu metodu, bi\u0107e vam zatra\u017eeno da odaberete iznos novca koji \u017eelite da se uplati na va\u0161 onlajn Ra\u010dun, nakon \u010dega \u0107e ugovoreni trgovac, pravno lice uredno registrovano u Republici Srbiji i koje posluje u skladu sa svim va\u017ee\u0107im zakonima (u daljem tekstu: \u201e<strong>Operator<\/strong>\u201c), putem Veb-sajta\/Aplikacije Operatora izdati platni kod u protivvrednosti izabranog iznosa (\u201e<strong>platni kod<\/strong>\u201c). Platni kod \u0107e sadr\u017eati va\u0161e ime, prezime i broj li\u010dne karte. Putem Veb-sajta\/Aplikacije Operatora bi\u0107ete informisani o fizi\u010dkim lokacijama na koje mo\u017eete predati gotovinski iznos koji odgovara vrednosti platnog koda (\u201e<strong>Iznos platnog koda<\/strong>\u201c). Imajte u vidu da se primenjuju ograni\u010denja u pogledu Iznosa platnog koda.<\/p><p>Samo se Vi mo\u017eete pojaviti ispred fizi\u010dkih mesta i sa sobom nosite svoju li\u010dnu kartu. Fizi\u010dki mesta, postupajuc\u0301i po uputstvima Operatera i platne institucije propisno licencirani za pru\u017eanje platnih usluga od strane Narodne banke Srbije (\u201e<strong>Platna institucija<\/strong>\u201c) pod kojima posluje fizi\u010dko prodajno mesto distributivne mre\u017ee koje ste posetili, zadr\u017eavaju pravo da odbije da nastavi sa transakcijom. Bic\u0301ete obave\u0161teni o razlozima zbog kojih ne mo\u017eete da nastavite sa transakcijom, osim ako to nije dozvoljeno va\u017eec\u0301im zakonodavstvom. Fizi\u010dka mesta (tj. terminali za plac\u0301anje) c\u0301e skenirati ili otkucati broj platnog koda. Pod uslovom da nema razloga da odbije da nastavite sa transakcijom, fizi\u010dka mesta c\u0301e od Vas primiti iznos sa platnog koda i bic\u0301e Vam dostavljena priznanica. Kada se ova procedura uspe\u0161no zavr\u0161i, Va\u0161em nalogu c\u0301e odmah (tj. u realnom vremenu) biti dodeljen iznos sa platnog koda.<\/p><p>Imajte na umu da nakon izdavanja platnog koda i zavr\u0161etka gore pomenute procedure, povrat novca ili otkazivanje nije moguc\u0301. Ako imate bilo kakvih pitanja ili \u017ealbi mo\u017eete nas kontaktirati na <a href=\"mailto:support@oktopayments.com\">support@oktopayments.com<\/a>.<\/p><p>Imajte na umu da su Va\u0161a prava u vezi sa pru\u017eanjem platnih usluga putem Okto.cash-a na osnovu licence platne institucije regulisana u Uslovima platne institucije i u slu\u010daju bilo kakvih neslaganja izme\u0111u ovog dokumenta i Uslova i odredbi platne institucije u vezi sa Va\u0161im pravima sa pru\u017eanjem platnih usluga, kao preovla\u0111ujuc\u0301a c\u0301e se primenjivati verzija Pravila i uslova koje je objavila platna institucija.<\/p><p>Operater c\u0301e morati da obra\u0111uje Va\u0161e li\u010dne podatke na sledec\u0301i na\u010din:<\/p><p><strong>Za\u0161to c\u0301e se koristiti Va\u0161i li\u010dni podaci?<\/strong><\/p><p>Va\u0161i li\u010dni podaci c\u0301e biti obra\u0111eni da bi se platni kod izdao i da bi Va\u0161em nalogu bio pripisan iznos platnog koda nakon zavr\u0161etka gore pomenute procedure.<\/p><p><strong>Koje vrste li\u010dnih podataka c\u0301e se obra\u0111ivati i na koji na\u010din?\u00a0\u00a0\u00a0\u00a0\u00a0\u00a0\u00a0\u00a0 <\/strong><\/p><p>Sledec\u0301e vrste li\u010dnih podataka c\u0301e se obra\u0111ivati:<\/p><p>* Identifikacioni podaci kao \u0161to su ime, prezime, li\u010dni broj, li\u010dni dokument, datum ro\u0111enja, nacionalnost, dr\u017eava prebivali\u0161ta, adresa e-maila, broj mobilnog telefona.<\/p><p>Osim navedenog, Operater mo\u017ee obraditi i sledec\u0301e li\u010dne podatke (tj. neobavezne li\u010dne podatke):<\/p><p>* Tip li\u010dne karte (Nacionalna li\u010dna karta, paso\u0161, voza\u010dka dozvola, ostalo), datum isteka li\u010dne karte, datoteka sa slikom li\u010dne karte.<\/p><p>Navedene podatke Operater prenosi Instituciji za plac\u0301anje preko Okto Platforme nakon \u0161to izaberete da koristite Okto.cash kao na\u010din plac\u0301anja kako biste dopunili Va\u0161 ra\u010dun.<\/p><p>Dodatne informacije se mogu zahtevati od strane Operatera i\/ili Institucije za platni promet u cilju uskla\u0111enosti sa va\u017eec\u0301im zakonodavstvom.<\/p><p><strong>Ko ima pristup va\u0161im li\u010dnim podacima?<\/strong><\/p><p>Va\u0161i li\u010dni podaci mogu biti otkriveni drugim kompanijama koje pru\u017eaju usluge u oblaku i\/ili usluge verifikacije, kao i dobavlja\u010du tehnologije Operatera i Institucije za plac\u0301anje.<\/p><p><strong>Koja je pravna osnova za obradu va\u0161ih li\u010dnih podataka?<\/strong><\/p><p>Obrada Va\u0161ih li\u010dnih podataka je neophodna za usagla\u0161avanje sa zakonskim obavezama, uklju\u010dujuc\u0301i, izme\u0111u ostalog, va\u017ee\u0107e zakone za spre\u010davanje pranja novca i\/ili poresko zakonodavstvo i\/ili Zakon o igrama na sre\u0107u.<\/p><p><strong>Koji je period \u010duvanja Va\u0161ih li\u010dnih podataka?<\/strong><\/p><p>Va\u0161i li\u010dni podaci c\u0301e se \u010duvati pet (5) godina nakon izdavanja platnog koda, osim ako va\u017eec\u0301i zakoni ne predvi\u0111aju du\u017ei period \u010duvanja.<\/p><p><strong>Prava lica na koje se li\u010dni podaci odnose<\/strong><\/p><p>U skladu sa Zakonom o za\u0161titi podataka o li\u010dnosti, i internim aktima Operatera, imate pravo da:<\/p><ul><li>zatra\u017eite da se Va\u0161i li\u010dni podaci isprave, dopune ili izbri\u0161u, ili da se ograni\u010di njihova obrada;<\/li><li>ulo\u017eiti prigovor na obradu va\u0161ih li\u010dnih podataka;<\/li><li>primite li\u010dne podatke u prenosivom formatu i dobijete kopiju li\u010dnih podataka;<\/li><li>da se odluka doneta isklju\u010divo na osnovu automatizovane obrade, uklju\u010dujuc\u0301i profilisanje, ne primenjuje na Vas, ako takva odluka proizvodi pravne posledice za tu osobu ili takva odluka zna\u010dajno uti\u010de na Va\u0161 polo\u017eaj;<\/li><li>da budete obave\u0161teni o povredi va\u0161ih li\u010dnih podataka<\/li><\/ul><p>\u00a0<\/p><p>Ukoliko \u017eelite da se informi\u0161ete ili ostvarite neko od gore navedenih prava, koristite sledec\u0301e kontakt informacije: <a href=\"mailto:support@oktopayments.com\">support@oktopayments.com<\/a><\/p><p>Ukoliko niste zadovoljni odgovorom ili Vam je potreban savet, mo\u017eete ulo\u017eiti \u017ealbu nadle\u017enom nadzornom organu na slede\u0107i na\u010din:<\/p><p><strong>Poverenik za informacije od javnog zna\u010daja i za\u0161titu podataka o li\u010dnosti<\/strong><\/p><p>Bulevar kralja Aleksandra 15<\/p><p>11120 Bograd<\/p><p>Republika Srbija<\/p><p>Email: office@poverenik.rs<\/p><p>Broj telefona: +381 11 3408 900<\/p><p>Informacije o obradi koju obavlja Operater mo\u017eete pronac\u0301i u pravilima privatnosti koja je dostupna [<a href=\"https:\/\/oktocash.com\/sr\/politika-privatnosti\/\">https:\/\/oktocash.com\/sr\/politika-privatnosti\/<\/a>].<\/p>\t\t\t\t\t\t<\/div>\n\t\t\t\t<\/div>\n\t\t\t\t\t<\/div>\n\t\t<\/div>\n\t\t\t\t\t<\/div>\n\t\t<\/section>\n\t\t\t\t<\/div>\n\t\t","protected":false},"excerpt":{"rendered":"<p>Uslovi i Odredbe OKTO.CASH-a Mo\u017eete izvr\u0161iti uplatu sredstava na svoj onlajn ra\u010dun koji se vodi i registruje kod [ugovorenog trgovca] (\u201eRa\u010dun\u201c) kori\u0161\u0107enjem, izme\u0111u ostalog, usluge Okto.cash. Ukoliko odaberete ovu metodu, bi\u0107e vam zatra\u017eeno da odaberete iznos novca koji \u017eelite da se uplati na va\u0161 onlajn Ra\u010dun, nakon \u010dega \u0107e ugovoreni trgovac, pravno lice uredno registrovano [&hellip;]<\/p>\n","protected":false},"author":7,"featured_media":0,"parent":0,"menu_order":0,"comment_status":"closed","ping_status":"open","template":"","meta":{"footnotes":""},"_links":{"self":[{"href":"https:\/\/oktocash.com\/sr\/wp-json\/wp\/v2\/pages\/9543"}],"collection":[{"href":"https:\/\/oktocash.com\/sr\/wp-json\/wp\/v2\/pages"}],"about":[{"href":"https:\/\/oktocash.com\/sr\/wp-json\/wp\/v2\/types\/page"}],"author":[{"embeddable":true,"href":"https:\/\/oktocash.com\/sr\/wp-json\/wp\/v2\/users\/7"}],"replies":[{"embeddable":true,"href":"https:\/\/oktocash.com\/sr\/wp-json\/wp\/v2\/comments?post=9543"}],"version-history":[{"count":11,"href":"https:\/\/oktocash.com\/sr\/wp-json\/wp\/v2\/pages\/9543\/revisions"}],"predecessor-version":[{"id":16639,"href":"https:\/\/oktocash.com\/sr\/wp-json\/wp\/v2\/pages\/9543\/revisions\/16639"}],"wp:attachment":[{"href":"https:\/\/oktocash.com\/sr\/wp-json\/wp\/v2\/media?parent=9543"}],"curies":[{"name":"wp","href":"https:\/\/api.w.org\/{rel}","templated":true}]}}